{"id":3,"date":"2023-03-31T16:42:41","date_gmt":"2023-03-31T16:42:41","guid":{"rendered":"https:\/\/lfaccra.acewebgh.com\/?page_id=3"},"modified":"2023-05-04T11:56:26","modified_gmt":"2023-05-04T11:56:26","slug":"privacy-policy","status":"publish","type":"page","link":"https:\/\/lfaccra.com\/fr\/privacy-policy\/","title":{"rendered":"Politique de Confidentialit\u00e9"},"content":{"rendered":"<div data-elementor-type=\"wp-page\" data-elementor-id=\"3\" class=\"elementor elementor-3\" data-elementor-post-type=\"page\">\n\t\t\t\t<div class=\"elementor-element elementor-element-30be8fd english-content e-flex e-con-boxed e-con e-parent\" data-id=\"30be8fd\" data-element_type=\"container\" data-e-type=\"container\">\n\t\t\t\t\t<div class=\"e-con-inner\">\n\t\t<div class=\"elementor-element elementor-element-cc63f94 e-con-full e-flex e-con e-parent\" data-id=\"cc63f94\" data-element_type=\"container\" data-e-type=\"container\">\n\t\t\t\t<div class=\"elementor-element elementor-element-04aa2ff elementor-widget elementor-widget-text-editor\" data-id=\"04aa2ff\" data-element_type=\"widget\" data-e-type=\"widget\" data-widget_type=\"text-editor.default\">\n\t\t\t\t<div class=\"elementor-widget-container\">\n\t\t\t\t\t\t\t\t\t\n<h2 class=\"wp-block-heading\">Who we are<\/h2>\n\n<p>Our website address is: https:\/\/lfaccra.com<\/p>\n\n<h2 class=\"wp-block-heading\">Comments<\/h2>\n\n<p>When visitors leave comments on the site we collect the data shown in the comments form, and also the visitor\u2019s IP address and browser user agent string to help spam detection.<\/p>\n\n<p>An anonymized string created from your email address (also called a hash) may be provided to the Gravatar service to see if you are using it. The Gravatar service privacy policy is available here: https:\/\/automattic.com\/privacy\/. After approval of your comment, your profile picture is visible to the public in the context of your comment.<\/p>\n\n<h2 class=\"wp-block-heading\">Media<\/h2>\n\n<p>If you upload images to the website, you should avoid uploading images with embedded location data (EXIF GPS) included. Visitors to the website can download and extract any location data from images on the website.<\/p>\n\n<h2 class=\"wp-block-heading\">Cookies<\/h2>\n\n<p>If you leave a comment on our site you may opt-in to saving your name, email address and website in cookies. These are for your convenience so that you do not have to fill in your details again when you leave another comment. These cookies will last for one year.<\/p>\n\n<p>If you visit our login page, we will set a temporary cookie to determine if your browser accepts cookies. This cookie contains no personal data and is discarded when you close your browser.<\/p>\n\n<p>When you log in, we will also set up several cookies to save your login information and your screen display choices. Login cookies last for two days, and screen options cookies last for a year. If you select &#8220;Remember Me&#8221;, your login will persist for two weeks. If you log out of your account, the login cookies will be removed.<\/p>\n\n<p>If you edit or publish an article, an additional cookie will be saved in your browser. This cookie includes no personal data and simply indicates the post ID of the article you just edited. It expires after 1 day.<\/p>\n\n<h2 class=\"wp-block-heading\">Embedded content from other websites<\/h2>\n\n<p>Articles on this site may include embedded content (e.g. videos, images, articles, etc.). Embedded content from other websites behaves in the exact same way as if the visitor has visited the other website.<\/p>\n\n<p>These websites may collect data about you, use cookies, embed additional third-party tracking, and monitor your interaction with that embedded content, including tracking your interaction with the embedded content if you have an account and are logged in to that website.<\/p>\n\n<h2 class=\"wp-block-heading\">Who we share your data with<\/h2>\n\n<p>If you request a password reset, your IP address will be included in the reset email.<\/p>\n\n<h2 class=\"wp-block-heading\">How long we retain your data<\/h2>\n\n<p>If you leave a comment, the comment and its metadata are retained indefinitely. This is so we can recognize and approve any follow-up comments automatically instead of holding them in a moderation queue.<\/p>\n\n<p>For users that register on our website (if any), we also store the personal information they provide in their user profile. All users can see, edit, or delete their personal information at any time (except they cannot change their username). Website administrators can also see and edit that information.<\/p>\n\n<h2 class=\"wp-block-heading\">What rights you have over your data<\/h2>\n\n<p>If you have an account on this site, or have left comments, you can request to receive an exported file of the personal data we hold about you, including any data you have provided to us. You can also request that we erase any personal data we hold about you. This does not include any data we are obliged to keep for administrative, legal, or security purposes.<\/p>\n\n<h2 class=\"wp-block-heading\">Where your data is sent<\/h2>\n\n<p>Visitor comments may be checked through an automated spam detection service.<\/p>\n\t\t\t\t\t\t\t\t<\/div>\n\t\t\t\t<\/div>\n\t\t\t\t<\/div>\n\t\t\t\t\t<\/div>\n\t\t\t\t<\/div>\n\t\t<div class=\"elementor-element elementor-element-cf02171 french-content e-flex e-con-boxed e-con e-parent\" data-id=\"cf02171\" data-element_type=\"container\" data-e-type=\"container\">\n\t\t\t\t\t<div class=\"e-con-inner\">\n\t\t<div class=\"elementor-element elementor-element-2ff3e50 e-con-full e-flex e-con e-parent\" data-id=\"2ff3e50\" data-element_type=\"container\" data-e-type=\"container\">\n\t\t\t\t<div class=\"elementor-element elementor-element-232ee18 elementor-widget elementor-widget-text-editor\" data-id=\"232ee18\" data-element_type=\"widget\" data-e-type=\"widget\" data-widget_type=\"text-editor.default\">\n\t\t\t\t<div class=\"elementor-widget-container\">\n\t\t\t\t\t\t\t\t\t\n<h2 class=\"wp-block-heading\"><span><span class=\"\">Qui nous sommes<\/span><\/span><\/h2>\n<p><span>L&#8217;adresse de notre site Web est : https:\/\/lfaccra.com<\/span><\/p>\n<h2 class=\"wp-block-heading\"><span>commentaires<\/span><\/h2>\n<p><span>Lorsque les visiteurs laissent des commentaires sur le site, nous collectons les donn\u00e9es affich\u00e9es dans le formulaire de commentaires, ainsi que l&#8217;adresse IP du visiteur et la cha\u00eene de l&#8217;agent utilisateur du navigateur pour faciliter la d\u00e9tection du spam.<\/span><\/p>\n<p><span>Une cha\u00eene anonymis\u00e9e cr\u00e9\u00e9e \u00e0 partir de votre adresse e-mail (\u00e9galement appel\u00e9e hachage) peut \u00eatre fournie au service Gravatar pour voir si vous l&#8217;utilisez.\u00a0La politique de confidentialit\u00e9 du service Gravatar est disponible ici : https:\/\/automattic.com\/privacy\/.\u00a0Apr\u00e8s validation de votre commentaire, votre photo de profil est visible publiquement \u00e0 c\u00f4t\u00e9 de votre commentaire.<\/span><\/p>\n<h2 class=\"wp-block-heading\"><span>M\u00e9dias<\/span><\/h2>\n<p><span>Si vous t\u00e9l\u00e9chargez des images sur le site Web, vous devez \u00e9viter de t\u00e9l\u00e9charger des images avec des donn\u00e9es de localisation int\u00e9gr\u00e9es (EXIF GPS) incluses.\u00a0Les visiteurs du site Web peuvent t\u00e9l\u00e9charger et extraire toutes les donn\u00e9es de localisation des images sur le site Web.<\/span><\/p>\n<h2 class=\"wp-block-heading\"><span>Cookies<\/span><\/h2>\n<p><span>Si vous laissez un commentaire sur notre site, vous pouvez choisir d&#8217;enregistrer votre nom, votre adresse e-mail et votre site Web dans des cookies.\u00a0Ceux-ci sont pour votre commodit\u00e9 afin que vous n&#8217;ayez pas \u00e0 remplir \u00e0 nouveau vos coordonn\u00e9es lorsque vous laissez un autre commentaire.\u00a0Ces cookies dureront un an.<\/span><\/p>\n<p><span>Si vous visitez notre page de connexion, nous installerons un cookie temporaire pour d\u00e9terminer si votre navigateur accepte les cookies.\u00a0Ce cookie ne contient aucune donn\u00e9e personnelle et est supprim\u00e9 lorsque vous fermez votre navigateur.<\/span><\/p>\n<p><span>Lors de votre connexion, nous mettrons \u00e9galement en place plusieurs cookies pour enregistrer vos informations de connexion et vos choix d&#8217;affichage \u00e0 l&#8217;\u00e9cran.\u00a0Les cookies de connexion durent deux jours et les cookies d&#8217;options d&#8217;\u00e9cran durent un an.\u00a0Si vous s\u00e9lectionnez &#8220;Se souvenir de moi&#8221;, votre connexion persistera pendant deux semaines.\u00a0Si vous vous d\u00e9connectez de votre compte, les cookies de connexion seront supprim\u00e9s.<\/span><\/p>\n<p><span>Si vous modifiez ou publiez un article, un cookie suppl\u00e9mentaire sera enregistr\u00e9 dans votre navigateur.\u00a0Ce cookie ne contient aucune donn\u00e9e personnelle et indique simplement l&#8217;identifiant de publication de l&#8217;article que vous venez d&#8217;\u00e9diter.\u00a0Il expire apr\u00e8s 1 jour.<\/span><\/p>\n<h2 class=\"wp-block-heading\"><span>Contenu int\u00e9gr\u00e9 d&#8217;autres sites Web<\/span><\/h2>\n<p><span>Les articles de ce site peuvent inclure des contenus int\u00e9gr\u00e9s (par exemple des vid\u00e9os, des images, des articles, etc.).\u00a0Le contenu int\u00e9gr\u00e9 d&#8217;autres sites Web se comporte exactement de la m\u00eame mani\u00e8re que si le visiteur avait visit\u00e9 l&#8217;autre site Web.<\/span><\/p>\n<p><span>Ces sites Web peuvent collecter des donn\u00e9es vous concernant, utiliser des cookies, int\u00e9grer un suivi tiers suppl\u00e9mentaire et surveiller votre interaction avec ce contenu int\u00e9gr\u00e9, y compris le suivi de votre interaction avec le contenu int\u00e9gr\u00e9 si vous avez un compte et \u00eates connect\u00e9 \u00e0 ce site Web.<\/span><\/p>\n<h2 class=\"wp-block-heading\"><span>Avec qui partageons-nous vos donn\u00e9es<\/span><\/h2>\n<p><span>Si vous demandez une r\u00e9initialisation de mot de passe, votre adresse IP sera incluse dans l&#8217;e-mail de r\u00e9initialisation.<\/span><\/p>\n<h2 class=\"wp-block-heading\"><span>Combien de temps conservons-nous vos donn\u00e9es<\/span><\/h2>\n<p><span>Si vous laissez un commentaire, le commentaire et ses m\u00e9tadonn\u00e9es sont conserv\u00e9s ind\u00e9finiment.\u00a0Cela nous permet de reconna\u00eetre et d&#8217;approuver automatiquement tous les commentaires de suivi au lieu de les conserver dans une file d&#8217;attente de mod\u00e9ration.<\/span><\/p>\n<p><span>Pour les utilisateurs qui s&#8217;inscrivent sur notre site Web (le cas \u00e9ch\u00e9ant), nous stockons \u00e9galement les informations personnelles qu&#8217;ils fournissent dans leur profil d&#8217;utilisateur.\u00a0Tous les utilisateurs peuvent voir, modifier ou supprimer leurs informations personnelles \u00e0 tout moment (sauf qu&#8217;ils ne peuvent pas changer leur nom d&#8217;utilisateur).\u00a0Les administrateurs du site Web peuvent \u00e9galement voir et modifier ces informations.<\/span><\/p>\n<h2 class=\"wp-block-heading\"><span>Quels droits avez-vous sur vos donn\u00e9es<\/span><\/h2>\n<p><span>Si vous avez un compte sur ce site, ou avez laiss\u00e9 des commentaires, vous pouvez demander \u00e0 recevoir un fichier export\u00e9 des donn\u00e9es personnelles que nous d\u00e9tenons \u00e0 votre sujet, y compris toutes les donn\u00e9es que vous nous avez fournies.\u00a0<span class=\"VIpgJd-yAWNEb-VIpgJd-fmcmS-sn54Q\">Vous pouvez \u00e9galement nous demander d&#8217;effacer toutes les donn\u00e9es personnelles que nous d\u00e9tenons \u00e0 votre sujet.\u00a0<\/span>Cela n&#8217;inclut pas les donn\u00e9es que nous sommes oblig\u00e9s de conserver \u00e0 des fins administratives, juridiques ou de s\u00e9curit\u00e9.<\/span><\/p>\n<h2 class=\"wp-block-heading\"><span>O\u00f9 vos donn\u00e9es sont envoy\u00e9es<\/span><\/h2>\n<p><span>Les commentaires des visiteurs peuvent \u00eatre v\u00e9rifi\u00e9s par un service automatis\u00e9 de d\u00e9tection de spam.<\/span><\/p>\n\t\t\t\t\t\t\t\t<\/div>\n\t\t\t\t<\/div>\n\t\t\t\t<\/div>\n\t\t\t\t\t<\/div>\n\t\t\t\t<\/div>\n\t\t\t\t<\/div>","protected":false},"excerpt":{"rendered":"<p>Who we are Our website address is: https:\/\/lfaccra.com Comments When visitors leave comments on the site we collect the data shown in the comments form, and also the visitor\u2019s IP address and browser user agent string to help spam detection. An anonymized string created from your email address (also called a hash) may be provided [&hellip;]<\/p>\n","protected":false},"author":1,"featured_media":0,"parent":0,"menu_order":0,"comment_status":"closed","ping_status":"open","template":"","meta":{"_acf_changed":false,"footnotes":""},"class_list":["post-3","page","type-page","status-publish","hentry"],"acf":[],"_links":{"self":[{"href":"https:\/\/lfaccra.com\/fr\/wp-json\/wp\/v2\/pages\/3","targetHints":{"allow":["GET"]}}],"collection":[{"href":"https:\/\/lfaccra.com\/fr\/wp-json\/wp\/v2\/pages"}],"about":[{"href":"https:\/\/lfaccra.com\/fr\/wp-json\/wp\/v2\/types\/page"}],"author":[{"embeddable":true,"href":"https:\/\/lfaccra.com\/fr\/wp-json\/wp\/v2\/users\/1"}],"replies":[{"embeddable":true,"href":"https:\/\/lfaccra.com\/fr\/wp-json\/wp\/v2\/comments?post=3"}],"version-history":[{"count":10,"href":"https:\/\/lfaccra.com\/fr\/wp-json\/wp\/v2\/pages\/3\/revisions"}],"predecessor-version":[{"id":7876,"href":"https:\/\/lfaccra.com\/fr\/wp-json\/wp\/v2\/pages\/3\/revisions\/7876"}],"wp:attachment":[{"href":"https:\/\/lfaccra.com\/fr\/wp-json\/wp\/v2\/media?parent=3"}],"curies":[{"name":"wp","href":"https:\/\/api.w.org\/{rel}","templated":true}]}}