{"id":4896,"date":"2023-04-02T18:16:15","date_gmt":"2023-04-02T18:16:15","guid":{"rendered":"https:\/\/lfaccra.acewebgh.com\/?page_id=4896"},"modified":"2024-09-09T16:34:03","modified_gmt":"2024-09-09T16:34:03","slug":"the-principals-address","status":"publish","type":"page","link":"https:\/\/lfaccra.com\/fr\/the-principals-address\/","title":{"rendered":"Mot de la Proviseure"},"content":{"rendered":"<div data-elementor-type=\"wp-page\" data-elementor-id=\"4896\" class=\"elementor elementor-4896\" data-elementor-post-type=\"page\">\n\t\t\t\t<div class=\"elementor-element elementor-element-6e9f48a e-con-full e-flex e-con e-parent\" data-id=\"6e9f48a\" data-element_type=\"container\" data-e-type=\"container\">\n\t\t<div class=\"elementor-element elementor-element-892fd4c e-flex e-con-boxed e-con e-child\" data-id=\"892fd4c\" data-element_type=\"container\" data-e-type=\"container\">\n\t\t\t\t\t<div class=\"e-con-inner\">\n\t\t<div class=\"elementor-element elementor-element-5cc89a4 e-con-full e-flex e-con e-child\" data-id=\"5cc89a4\" data-element_type=\"container\" data-e-type=\"container\">\n\t\t\t\t<div class=\"elementor-element elementor-element-162d096 elementor-widget elementor-widget-image\" data-id=\"162d096\" data-element_type=\"widget\" data-e-type=\"widget\" data-widget_type=\"image.default\">\n\t\t\t\t<div class=\"elementor-widget-container\">\n\t\t\t\t\t\t\t\t\t\t\t\t\t\t\t<img fetchpriority=\"high\" decoding=\"async\" width=\"600\" height=\"600\" src=\"https:\/\/lfaccra.com\/wp-content\/uploads\/2023\/10\/cathrine-3.jpg\" class=\"attachment-large size-large wp-image-9618\" alt=\"\" srcset=\"https:\/\/lfaccra.com\/wp-content\/uploads\/2023\/10\/cathrine-3.jpg 600w, https:\/\/lfaccra.com\/wp-content\/uploads\/2023\/10\/cathrine-3-300x300.jpg 300w, https:\/\/lfaccra.com\/wp-content\/uploads\/2023\/10\/cathrine-3-150x150.jpg 150w, https:\/\/lfaccra.com\/wp-content\/uploads\/2023\/10\/cathrine-3-12x12.jpg 12w\" sizes=\"(max-width: 600px) 100vw, 600px\" \/>\t\t\t\t\t\t\t\t\t\t\t\t\t\t\t<\/div>\n\t\t\t\t<\/div>\n\t\t\t\t<div class=\"elementor-element elementor-element-11b0a91 elementor-widget__width-auto elementor-widget-divider--view-line elementor-widget elementor-widget-divider\" data-id=\"11b0a91\" data-element_type=\"widget\" data-e-type=\"widget\" data-widget_type=\"divider.default\">\n\t\t\t\t<div class=\"elementor-widget-container\">\n\t\t\t\t\t\t\t<div class=\"elementor-divider\">\n\t\t\t<span class=\"elementor-divider-separator\">\n\t\t\t\t\t\t<\/span>\n\t\t<\/div>\n\t\t\t\t\t\t<\/div>\n\t\t\t\t<\/div>\n\t\t\t\t<div class=\"elementor-element elementor-element-841fccb elementor-widget elementor-widget-heading\" data-id=\"841fccb\" data-element_type=\"widget\" data-e-type=\"widget\" data-widget_type=\"heading.default\">\n\t\t\t\t<div class=\"elementor-widget-container\">\n\t\t\t\t\t<h2 class=\"elementor-heading-title elementor-size-default\">Mme<br>\nCatherine<br>\nDAUER<\/h2>\t\t\t\t<\/div>\n\t\t\t\t<\/div>\n\t\t\t\t<div class=\"elementor-element elementor-element-c47e0b7 elementor-invisible elementor-widget elementor-widget-heading\" data-id=\"c47e0b7\" data-element_type=\"widget\" data-e-type=\"widget\" data-settings=\"{&quot;_animation&quot;:&quot;fadeInUp&quot;}\" data-widget_type=\"heading.default\">\n\t\t\t\t<div class=\"elementor-widget-container\">\n\t\t\t\t\t<h2 class=\"elementor-heading-title elementor-size-default\">Proviseure<\/h2>\t\t\t\t<\/div>\n\t\t\t\t<\/div>\n\t\t\t\t<\/div>\n\t\t<div class=\"elementor-element elementor-element-cd6e951 e-flex e-con-boxed e-con e-child\" data-id=\"cd6e951\" data-element_type=\"container\" data-e-type=\"container\">\n\t\t\t\t\t<div class=\"e-con-inner\">\n\t\t\t\t<div class=\"elementor-element elementor-element-86e09f5 elementor-absolute e-transform elementor-invisible elementor-widget elementor-widget-heading\" data-id=\"86e09f5\" data-element_type=\"widget\" data-e-type=\"widget\" data-settings=\"{&quot;_position&quot;:&quot;absolute&quot;,&quot;_animation&quot;:&quot;fadeInLeft&quot;,&quot;_transform_flipX_effect&quot;:&quot;transform&quot;}\" data-widget_type=\"heading.default\">\n\t\t\t\t<div class=\"elementor-widget-container\">\n\t\t\t\t\t<h2 class=\"elementor-heading-title elementor-size-default\">\"<\/h2>\t\t\t\t<\/div>\n\t\t\t\t<\/div>\n\t\t\t\t<div class=\"elementor-element elementor-element-7c737e3 elementor-invisible elementor-widget elementor-widget-heading\" data-id=\"7c737e3\" data-element_type=\"widget\" data-e-type=\"widget\" data-settings=\"{&quot;_animation&quot;:&quot;fadeInUp&quot;}\" data-widget_type=\"heading.default\">\n\t\t\t\t<div class=\"elementor-widget-container\">\n\t\t\t\t\t<h2 class=\"elementor-heading-title elementor-size-default\">Akwaaba!<\/h2>\t\t\t\t<\/div>\n\t\t\t\t<\/div>\n\t\t\t\t<div class=\"elementor-element elementor-element-69ce5fa elementor-widget elementor-widget-text-editor\" data-id=\"69ce5fa\" data-element_type=\"widget\" data-e-type=\"widget\" data-widget_type=\"text-editor.default\">\n\t\t\t\t<div class=\"elementor-widget-container\">\n\t\t\t\t\t\t\t\t\t<p>Chers \u00e9l\u00e8ves, chers parents, chers membres de la communaut\u00e9 du Lyc\u00e9e Fran\u00e7ais International Jacques Pr\u00e9vert d\u2019Accra,<\/p>\n<p>Je suis ravie de vous retrouver pour cette nouvelle rentr\u00e9e scolaire 2024-2025 qui marquera la fin des festivit\u00e9s du 60\u00e8me anniversaire du LFIA !<\/p>\n<p>F\u00e9licitons les \u00e9l\u00e8ves de 3\u00e8me qui ont obtenu 97% de r\u00e9ussite au Dipl\u00f4me National du Brevet et les bacheliers qui ont tous \u00e9t\u00e9 dipl\u00f4m\u00e9s dont plus de 50% avec une mention bien ou tr\u00e8s bien. Je leur souhaite tous mes v\u0153ux de r\u00e9ussite pour leur premi\u00e8re ann\u00e9e d\u2019\u00e9tudes en enseignement sup\u00e9rieur en France et partout dans le monde.<\/p>\n<p>La r\u00e9ussite et le bien-\u00eatre des \u00e9l\u00e8ves sont au c\u0153ur des pr\u00e9occupations de toute la communaut\u00e9 scolaire. Votre enfant sera accueilli dans des classes \u00e0 effectifs r\u00e9duits, aux \u00e9quipements modernes et dans un \u00e9tablissement \u00e0 taille humaine.<\/p>\n<p>De nombreux projets p\u00e9dagogiques, sorties et voyages scolaires sont propos\u00e9s durant l\u2019ann\u00e9e. Le lyc\u00e9e fran\u00e7ais est homologu\u00e9 par l\u2019AEFE, r\u00e9seau de plus de 600 \u00e9tablissements r\u00e9partis dans 138 pays diff\u00e9rents ce qui permet une continuit\u00e9 p\u00e9dagogique dans le syst\u00e8me scolaire fran\u00e7ais o\u00f9 que vous soyez dans le monde.<\/p>\n<p>Un accent particulier est mis sur la formation des enseignant(e)s pour garantir \u00e0 vos enfants des parcours d\u2019excellence et \u00e0 les former pour devenir les citoyens de demain.<\/p>\n<p>Je souhaite \u00e0 tous les \u00e9l\u00e8ves une tr\u00e8s bonne ann\u00e9e scolaire plac\u00e9e sous le signe de la d\u00e9couverte, du plaisir d\u2019apprendre et de la r\u00e9ussite.<\/p>\n<p>Catherine DAUER\n\n\n\nLa Proviseure<\/p><p><br><\/p>\t\t\t\t\t\t\t\t<\/div>\n\t\t\t\t<\/div>\n\t\t\t\t<div class=\"elementor-element elementor-element-f442f9c elementor-hidden-desktop elementor-hidden-laptop elementor-hidden-tablet_extra elementor-hidden-tablet elementor-hidden-mobile elementor-icon-list--layout-traditional elementor-list-item-link-full_width elementor-widget elementor-widget-icon-list\" data-id=\"f442f9c\" data-element_type=\"widget\" data-e-type=\"widget\" data-widget_type=\"icon-list.default\">\n\t\t\t\t<div class=\"elementor-widget-container\">\n\t\t\t\t\t\t\t<ul class=\"elementor-icon-list-items\">\n\t\t\t\t\t\t\t<li class=\"elementor-icon-list-item\">\n\t\t\t\t\t\t\t\t\t\t\t<span class=\"elementor-icon-list-icon\">\n\t\t\t\t\t\t\t<i aria-hidden=\"true\" class=\"fas fa-dot-circle\"><\/i>\t\t\t\t\t\t<\/span>\n\t\t\t\t\t\t\t\t\t\t<span class=\"elementor-icon-list-text\">Excellence de nos r\u00e9sultats aux examens fran\u00e7ais (100% de r\u00e9ussite au Baccalaur\u00e9at et 97% au DNB \u00e0 la session 2022), de la pr\u00e9paration aux certifications de langue fran\u00e7aise, anglaise (IGCSE) et espagnole (DELE), de nos poursuites d\u2019\u00e9tudes dans les meilleures \u00e9coles et universit\u00e9s fran\u00e7aises et internationales,<\/span>\n\t\t\t\t\t\t\t\t\t<\/li>\n\t\t\t\t\t\t\t\t<li class=\"elementor-icon-list-item\">\n\t\t\t\t\t\t\t\t\t\t\t<span class=\"elementor-icon-list-icon\">\n\t\t\t\t\t\t\t<i aria-hidden=\"true\" class=\"fas fa-dot-circle\"><\/i>\t\t\t\t\t\t<\/span>\n\t\t\t\t\t\t\t\t\t\t<span class=\"elementor-icon-list-text\">Excellence de nos parcours de formation avec une section internationale britannique du CP \u00e0 la seconde et un Bac Fran\u00e7ais International (BFI), des enseignements optionnels tels que latin, arabe, Th\u00e9\u00e2tre et DGEMC (Droit et Grands Enjeux du Monde Contemporain) au lyc\u00e9e<\/span>\n\t\t\t\t\t\t\t\t\t<\/li>\n\t\t\t\t\t\t\t\t<li class=\"elementor-icon-list-item\">\n\t\t\t\t\t\t\t\t\t\t\t<span class=\"elementor-icon-list-icon\">\n\t\t\t\t\t\t\t<i aria-hidden=\"true\" class=\"fas fa-dot-circle\"><\/i>\t\t\t\t\t\t<\/span>\n\t\t\t\t\t\t\t\t\t\t<span class=\"elementor-icon-list-text\">Dynamisme de nos projets culturels, artistiques et sportifs en lien avec nos partenaires nombreux et vari\u00e9s au Ghana et dans la sous-r\u00e9gion,<\/span>\n\t\t\t\t\t\t\t\t\t<\/li>\n\t\t\t\t\t\t\t\t<li class=\"elementor-icon-list-item\">\n\t\t\t\t\t\t\t\t\t\t\t<span class=\"elementor-icon-list-icon\">\n\t\t\t\t\t\t\t<i aria-hidden=\"true\" class=\"fas fa-dot-circle\"><\/i>\t\t\t\t\t\t<\/span>\n\t\t\t\t\t\t\t\t\t\t<span class=\"elementor-icon-list-text\">Accompagnement personnalis\u00e9 des projets de tous nos \u00e9l\u00e8ves par la valorisation de tous les talents, la prise en compte de tous les profils, l\u2019ambition de la r\u00e9ussite de chacun,<\/span>\n\t\t\t\t\t\t\t\t\t<\/li>\n\t\t\t\t\t\t\t\t<li class=\"elementor-icon-list-item\">\n\t\t\t\t\t\t\t\t\t\t\t<span class=\"elementor-icon-list-icon\">\n\t\t\t\t\t\t\t<i aria-hidden=\"true\" class=\"fas fa-dot-circle\"><\/i>\t\t\t\t\t\t<\/span>\n\t\t\t\t\t\t\t\t\t\t<span class=\"elementor-icon-list-text\">Incitation constante \u00e0 l\u2019engagement de nos \u00e9l\u00e8ves dans les espaces citoyens, d\u2019\u00e9change, de d\u00e9bats et de construction d\u2019un vivre ensemble porteur des plus hautes valeurs de notre enseignement.<\/span>\n\t\t\t\t\t\t\t\t\t<\/li>\n\t\t\t\t\t\t\t\t<li class=\"elementor-icon-list-item\">\n\t\t\t\t\t\t\t\t\t\t\t<span class=\"elementor-icon-list-icon\">\n\t\t\t\t\t\t\t<i aria-hidden=\"true\" class=\"fas fa-dot-circle\"><\/i>\t\t\t\t\t\t<\/span>\n\t\t\t\t\t\t\t\t\t\t<span class=\"elementor-icon-list-text\">Sans oublier l\u2019implication des parents d\u2019\u00e9l\u00e8ves au travers de l\u2019Association des Parents d\u2019El\u00e8ves qui \u0153uvre de mani\u00e8re constructive pour un \u00e9tablissement o\u00f9 petits et grands se sentent bien.<\/span>\n\t\t\t\t\t\t\t\t\t<\/li>\n\t\t\t\t\t\t<\/ul>\n\t\t\t\t\t\t<\/div>\n\t\t\t\t<\/div>\n\t\t\t\t\t<\/div>\n\t\t\t\t<\/div>\n\t\t\t\t\t<\/div>\n\t\t\t\t<\/div>\n\t\t\t\t<\/div>\n\t\t\t\t<\/div>","protected":false},"excerpt":{"rendered":"<p>Mrs. Catherine DAUER Principal &#8220; Akwaaba! It is with great pride and deep enthusiasm that I welcome the entire educative community of Lyc\u00e9e Fran\u00e7ais International Jacques Pr\u00e9vert d&#8217;Accra, a school that embodies educational excellence, cultural diversity and enlightenment unto Ghana, our host country. Lyc\u00e9e Fran\u00e7ais International d&#8217;Accra is more than an educational institution. It is [&hellip;]<\/p>\n","protected":false},"author":1,"featured_media":0,"parent":0,"menu_order":0,"comment_status":"closed","ping_status":"closed","template":"","meta":{"_acf_changed":false,"footnotes":""},"class_list":["post-4896","page","type-page","status-publish","hentry"],"acf":[],"_links":{"self":[{"href":"https:\/\/lfaccra.com\/fr\/wp-json\/wp\/v2\/pages\/4896","targetHints":{"allow":["GET"]}}],"collection":[{"href":"https:\/\/lfaccra.com\/fr\/wp-json\/wp\/v2\/pages"}],"about":[{"href":"https:\/\/lfaccra.com\/fr\/wp-json\/wp\/v2\/types\/page"}],"author":[{"embeddable":true,"href":"https:\/\/lfaccra.com\/fr\/wp-json\/wp\/v2\/users\/1"}],"replies":[{"embeddable":true,"href":"https:\/\/lfaccra.com\/fr\/wp-json\/wp\/v2\/comments?post=4896"}],"version-history":[{"count":77,"href":"https:\/\/lfaccra.com\/fr\/wp-json\/wp\/v2\/pages\/4896\/revisions"}],"predecessor-version":[{"id":10963,"href":"https:\/\/lfaccra.com\/fr\/wp-json\/wp\/v2\/pages\/4896\/revisions\/10963"}],"wp:attachment":[{"href":"https:\/\/lfaccra.com\/fr\/wp-json\/wp\/v2\/media?parent=4896"}],"curies":[{"name":"wp","href":"https:\/\/api.w.org\/{rel}","templated":true}]}}