{"id":4898,"date":"2023-04-02T18:17:01","date_gmt":"2023-04-02T18:17:01","guid":{"rendered":"https:\/\/lfaccra.acewebgh.com\/?page_id=4898"},"modified":"2023-04-30T11:08:31","modified_gmt":"2023-04-30T11:08:31","slug":"history-of-lfia","status":"publish","type":"page","link":"https:\/\/lfaccra.com\/fr\/history-of-lfia\/","title":{"rendered":"Historique du LFIA"},"content":{"rendered":"<div data-elementor-type=\"wp-page\" data-elementor-id=\"4898\" class=\"elementor elementor-4898\" data-elementor-post-type=\"page\">\n\t\t\t\t<div class=\"elementor-element elementor-element-6cf66bd e-con-full e-flex e-con e-parent\" data-id=\"6cf66bd\" data-element_type=\"container\" data-e-type=\"container\">\n\t\t<div class=\"elementor-element elementor-element-070c89d e-flex e-con-boxed e-con e-parent\" data-id=\"070c89d\" data-element_type=\"container\" data-e-type=\"container\">\n\t\t\t\t\t<div class=\"e-con-inner\">\n\t\t\t\t<div class=\"elementor-element elementor-element-55fa766 elementor-widget elementor-widget-image\" data-id=\"55fa766\" data-element_type=\"widget\" data-e-type=\"widget\" data-widget_type=\"image.default\">\n\t\t\t\t<div class=\"elementor-widget-container\">\n\t\t\t\t\t\t\t\t\t\t\t\t\t\t\t<img decoding=\"async\" width=\"220\" height=\"176\" src=\"https:\/\/lfaccra.com\/wp-content\/uploads\/2023\/03\/logo-icon.png\" class=\"attachment-large size-large wp-image-4582\" alt=\"\" srcset=\"https:\/\/lfaccra.com\/wp-content\/uploads\/2023\/03\/logo-icon.png 220w, https:\/\/lfaccra.com\/wp-content\/uploads\/2023\/03\/logo-icon-15x12.png 15w\" sizes=\"(max-width: 220px) 100vw, 220px\" \/>\t\t\t\t\t\t\t\t\t\t\t\t\t\t\t<\/div>\n\t\t\t\t<\/div>\n\t\t\t\t<div class=\"elementor-element elementor-element-25320d6 elementor-widget elementor-widget-text-editor\" data-id=\"25320d6\" data-element_type=\"widget\" data-e-type=\"widget\" data-widget_type=\"text-editor.default\">\n\t\t\t\t<div class=\"elementor-widget-container\">\n\t\t\t\t\t\t\t\t\t<p>Cr\u00e9\u00e9e en 1963 par l\u2019Association des Parents d\u2019El\u00e8ves afin de scolariser les enfants des ressortissants fran\u00e7ais de l\u2019Ambassade de France, l\u2019\u00e9cole fran\u00e7aise s\u2019est rapidement ouverte aux enfants des personnels des ambassades francophones.<\/p>\n<p>A sa cr\u00e9ation, h\u00e9berg\u00e9e dans les locaux du service culturel de l\u2019ambassade, l\u2019\u00e9cole fran\u00e7aise, qui ne s\u2019appelait pas encore \u00ab Jacques Pr\u00e9vert, \u00bb s\u2019installe en 1975 dans des locaux lou\u00e9s \u00e0 Roman Ridge. L\u2019effectif de l\u2019\u00e9cole fran\u00e7aise passe d\u2019une centaine d\u2019\u00e9l\u00e8ves \u00e0 plus de 270 \u00e9l\u00e8ves. Elle y restera jusqu\u2019en juin 2000.<\/p>\n<p class=\"translation-block\">A la rentr\u00e9e septembre 2000,l\u2019\u00e9cole s\u2019installe dans les locaux qui sont actuellement les siens \u00e0 East Legon. Elle prend alors le nom \u00ab Ecole Fran\u00e7aise Jacques Pr\u00e9vert \u00bb. Depuis, les effectifs n\u2019ont fait qu\u2019augmenter. Les classes maternelles et primaires atteignent 380 \u00e9l\u00e8ves actuellement. Les classes secondaires de la 6\u00e8me \u00e0 la terminale sont pass\u00e9es progressivement en enseignement direct et atteignent 240 \u00e9l\u00e8ves. Et cette \u00e9volution n\u2019est pas termin\u00e9e. En Septembre 2018,le lyc\u00e9e compte plus de 600 \u00e9l\u00e8ves.<\/p>\n<p>A la rentr\u00e9e septembre 2014,elle prend le nom de \u00ab Lyc\u00e9e Fran\u00e7ais Jacques Pr\u00e9vert d\u2019Accra<\/p>\n<p>A la rentr\u00e9e de septembre 2020, il accueille 650 \u00e9l\u00e8ves de plus de 30 nationalit\u00e9s diff\u00e9rentes.<\/p>\n<p>Depuis le mois de janvier 2021, elle prend le nom de \u00ab Lyc\u00e9e Fran\u00e7ais International Jacques Pr\u00e9vert d\u2019Accra<\/p>\t\t\t\t\t\t\t\t<\/div>\n\t\t\t\t<\/div>\n\t\t\t\t\t<\/div>\n\t\t\t\t<\/div>\n\t\t\t\t<\/div>\n\t\t\t\t<\/div>","protected":false},"excerpt":{"rendered":"<p>Created in 1963 by the Association des Parents d\u00b4El\u00e8ves to educate the children of French nationals at the French Embassy, the French school quickly opened up to children of French-speaking embassy staff. When it was created, housed in the premises of the cultural service of the embassy, the French school, which was not yet called [&hellip;]<\/p>\n","protected":false},"author":1,"featured_media":0,"parent":0,"menu_order":0,"comment_status":"closed","ping_status":"closed","template":"","meta":{"_acf_changed":false,"footnotes":""},"class_list":["post-4898","page","type-page","status-publish","hentry"],"acf":[],"_links":{"self":[{"href":"https:\/\/lfaccra.com\/fr\/wp-json\/wp\/v2\/pages\/4898","targetHints":{"allow":["GET"]}}],"collection":[{"href":"https:\/\/lfaccra.com\/fr\/wp-json\/wp\/v2\/pages"}],"about":[{"href":"https:\/\/lfaccra.com\/fr\/wp-json\/wp\/v2\/types\/page"}],"author":[{"embeddable":true,"href":"https:\/\/lfaccra.com\/fr\/wp-json\/wp\/v2\/users\/1"}],"replies":[{"embeddable":true,"href":"https:\/\/lfaccra.com\/fr\/wp-json\/wp\/v2\/comments?post=4898"}],"version-history":[{"count":13,"href":"https:\/\/lfaccra.com\/fr\/wp-json\/wp\/v2\/pages\/4898\/revisions"}],"predecessor-version":[{"id":6336,"href":"https:\/\/lfaccra.com\/fr\/wp-json\/wp\/v2\/pages\/4898\/revisions\/6336"}],"wp:attachment":[{"href":"https:\/\/lfaccra.com\/fr\/wp-json\/wp\/v2\/media?parent=4898"}],"curies":[{"name":"wp","href":"https:\/\/api.w.org\/{rel}","templated":true}]}}