{"id":4906,"date":"2023-04-02T18:24:08","date_gmt":"2023-04-02T18:24:08","guid":{"rendered":"https:\/\/lfaccra.acewebgh.com\/?page_id=4906"},"modified":"2023-05-01T12:19:06","modified_gmt":"2023-05-01T12:19:06","slug":"language-policy","status":"publish","type":"page","link":"https:\/\/lfaccra.com\/fr\/language-policy\/","title":{"rendered":"Politique de Langues"},"content":{"rendered":"<div data-elementor-type=\"wp-page\" data-elementor-id=\"4906\" class=\"elementor elementor-4906\" data-elementor-post-type=\"page\">\n\t\t\t\t<div class=\"elementor-element elementor-element-4bb1bb4 e-con-full e-flex e-con e-parent\" data-id=\"4bb1bb4\" data-element_type=\"container\" data-e-type=\"container\">\n\t\t<div class=\"elementor-element elementor-element-3283781 e-flex e-con-boxed e-con e-parent\" data-id=\"3283781\" data-element_type=\"container\" data-e-type=\"container\">\n\t\t\t\t\t<div class=\"e-con-inner\">\n\t\t\t\t<div class=\"elementor-element elementor-element-ec6d636 elementor-widget elementor-widget-image\" data-id=\"ec6d636\" data-element_type=\"widget\" data-e-type=\"widget\" data-widget_type=\"image.default\">\n\t\t\t\t<div class=\"elementor-widget-container\">\n\t\t\t\t\t\t\t\t\t\t\t\t\t\t\t<img fetchpriority=\"high\" decoding=\"async\" width=\"512\" height=\"512\" src=\"https:\/\/lfaccra.com\/wp-content\/uploads\/2023\/05\/united-2.png\" class=\"attachment-large size-large wp-image-6963\" alt=\"\" srcset=\"https:\/\/lfaccra.com\/wp-content\/uploads\/2023\/05\/united-2.png 512w, https:\/\/lfaccra.com\/wp-content\/uploads\/2023\/05\/united-2-300x300.png 300w, https:\/\/lfaccra.com\/wp-content\/uploads\/2023\/05\/united-2-150x150.png 150w, https:\/\/lfaccra.com\/wp-content\/uploads\/2023\/05\/united-2-12x12.png 12w\" sizes=\"(max-width: 512px) 100vw, 512px\" \/>\t\t\t\t\t\t\t\t\t\t\t\t\t\t\t<\/div>\n\t\t\t\t<\/div>\n\t\t\t\t<div class=\"elementor-element elementor-element-3b1437e elementor-widget elementor-widget-text-editor\" data-id=\"3b1437e\" data-element_type=\"widget\" data-e-type=\"widget\" data-widget_type=\"text-editor.default\">\n\t\t\t\t<div class=\"elementor-widget-container\">\n\t\t\t\t\t\t\t\t\t<p class=\"translation-block\">L\u2019enseignement fran\u00e7ais \u00e0 l\u2019\u00e9tranger repose sur une \u00e9ducation plurilingue et pluriculturelle. De la maternelle au CM2, nous proposons aux \u00e9l\u00e8ves de notre \u00e9cole, une pratique quotidienne de l\u2019anglais repr\u00e9sentant 30% de notre enseignement hebdomadaire. L\u2019organisation de la PS au CM2 est la suivante :<\/p>\t\t\t\t\t\t\t\t<\/div>\n\t\t\t\t<\/div>\n\t\t\t\t<div class=\"elementor-element elementor-element-72f7d05 elementor-icon-list--layout-traditional elementor-list-item-link-full_width elementor-widget elementor-widget-icon-list\" data-id=\"72f7d05\" data-element_type=\"widget\" data-e-type=\"widget\" data-widget_type=\"icon-list.default\">\n\t\t\t\t<div class=\"elementor-widget-container\">\n\t\t\t\t\t\t\t<ul class=\"elementor-icon-list-items\">\n\t\t\t\t\t\t\t<li class=\"elementor-icon-list-item\">\n\t\t\t\t\t\t\t\t\t\t\t<span class=\"elementor-icon-list-icon\">\n\t\t\t\t\t\t\t<i aria-hidden=\"true\" class=\"fas fa-dot-circle\"><\/i>\t\t\t\t\t\t<\/span>\n\t\t\t\t\t\t\t\t\t\t<span class=\"elementor-icon-list-text\">3h de ma\u00eetrise de langue anglaise : litt\u00e9rature, orthographe, grammaire, conjugaison, expression \u00e9crite et orale<\/span>\n\t\t\t\t\t\t\t\t\t<\/li>\n\t\t\t\t\t\t\t\t<li class=\"elementor-icon-list-item\">\n\t\t\t\t\t\t\t\t\t\t\t<span class=\"elementor-icon-list-icon\">\n\t\t\t\t\t\t\t<i aria-hidden=\"true\" class=\"fas fa-dot-circle\"><\/i>\t\t\t\t\t\t<\/span>\n\t\t\t\t\t\t\t\t\t\t<span class=\"elementor-icon-list-text\">4h30 d\u2019EMILE (Enseignement d\u2019une Mati\u00e8re Int\u00e9gr\u00e9e \u00e0 une Langue Etrang\u00e8re) : arts, sport, sciences, g\u00e9ographie et quelques domaines en math\u00e9matiques.<\/span>\n\t\t\t\t\t\t\t\t\t<\/li>\n\t\t\t\t\t\t<\/ul>\n\t\t\t\t\t\t<\/div>\n\t\t\t\t<\/div>\n\t\t\t\t<div class=\"elementor-element elementor-element-88ea402 elementor-widget elementor-widget-text-editor\" data-id=\"88ea402\" data-element_type=\"widget\" data-e-type=\"widget\" data-widget_type=\"text-editor.default\">\n\t\t\t\t<div class=\"elementor-widget-container\">\n\t\t\t\t\t\t\t\t\t<p><span>Nous collaborons avec le \u00ab British Council \u00bb pour permettre \u00e0 nos \u00e9l\u00e8ves de CM2 de passer un test, l\u2019APTIS. Celui-ci fournit des r\u00e9sultats fiables et pr\u00e9cis sur les comp\u00e9tences linguistiques des \u00e9l\u00e8ves : il teste la grammaire, le vocabulaire et les comp\u00e9tences telles que parler, \u00e9crire, lire et \u00e9couter. Le test commence par des questions g\u00e9n\u00e9rales et ensuite progressent vers des t\u00e2ches plus exigeantes. Chacune des comp\u00e9tences du test \u00e9value les niveaux d\u2019anglais selon une \u00e9chelle de A1 \u00e0 C selon le CECRL (Cadre Europ\u00e9en Commun de R\u00e9f\u00e9rence pour les Langues).<\/span><\/p><p><span>Nous offrons \u00e9galement la possibilit\u00e9 \u00e0 vos enfants de suivre des activit\u00e9s p\u00e9riscolaires en anglais qu\u2019elles soient sportives ou artistiques ou culturelles.<\/span><\/p>\t\t\t\t\t\t\t\t<\/div>\n\t\t\t\t<\/div>\n\t\t\t\t\t<\/div>\n\t\t\t\t<\/div>\n\t\t\t\t<\/div>\n\t\t\t\t<\/div>","protected":false},"excerpt":{"rendered":"<p>French education abroad is based on plurilingual and pluricultural education.\u00a0From kindergarten to CM2, we offer the students of our school a daily practice of English representing 30% of our weekly teaching.\u00a0The organization of the PS in CM2 is as follows: 3 hours of English language proficiency : literature, spelling, grammar, conjugation, written and oral expression. [&hellip;]<\/p>\n","protected":false},"author":1,"featured_media":0,"parent":0,"menu_order":0,"comment_status":"closed","ping_status":"closed","template":"","meta":{"_acf_changed":false,"footnotes":""},"class_list":["post-4906","page","type-page","status-publish","hentry"],"acf":[],"_links":{"self":[{"href":"https:\/\/lfaccra.com\/fr\/wp-json\/wp\/v2\/pages\/4906","targetHints":{"allow":["GET"]}}],"collection":[{"href":"https:\/\/lfaccra.com\/fr\/wp-json\/wp\/v2\/pages"}],"about":[{"href":"https:\/\/lfaccra.com\/fr\/wp-json\/wp\/v2\/types\/page"}],"author":[{"embeddable":true,"href":"https:\/\/lfaccra.com\/fr\/wp-json\/wp\/v2\/users\/1"}],"replies":[{"embeddable":true,"href":"https:\/\/lfaccra.com\/fr\/wp-json\/wp\/v2\/comments?post=4906"}],"version-history":[{"count":11,"href":"https:\/\/lfaccra.com\/fr\/wp-json\/wp\/v2\/pages\/4906\/revisions"}],"predecessor-version":[{"id":6969,"href":"https:\/\/lfaccra.com\/fr\/wp-json\/wp\/v2\/pages\/4906\/revisions\/6969"}],"wp:attachment":[{"href":"https:\/\/lfaccra.com\/fr\/wp-json\/wp\/v2\/media?parent=4906"}],"curies":[{"name":"wp","href":"https:\/\/api.w.org\/{rel}","templated":true}]}}