{"id":4928,"date":"2023-04-02T18:36:18","date_gmt":"2023-04-02T18:36:18","guid":{"rendered":"https:\/\/lfaccra.acewebgh.com\/?page_id=4928"},"modified":"2023-05-04T11:36:45","modified_gmt":"2023-05-04T11:36:45","slug":"parents-association","status":"publish","type":"page","link":"https:\/\/lfaccra.com\/fr\/parents-association\/","title":{"rendered":"L\u2019Association des Parents d\u2019\u00e9l\u00e8ves"},"content":{"rendered":"<div data-elementor-type=\"wp-page\" data-elementor-id=\"4928\" class=\"elementor elementor-4928\" data-elementor-post-type=\"page\">\n\t\t\t\t<div class=\"elementor-element elementor-element-1d85c9d e-con-full e-flex e-con e-parent\" data-id=\"1d85c9d\" data-element_type=\"container\" data-e-type=\"container\">\n\t\t<div class=\"elementor-element elementor-element-1ea4c66 e-flex e-con-boxed e-con e-parent\" data-id=\"1ea4c66\" data-element_type=\"container\" data-e-type=\"container\">\n\t\t\t\t\t<div class=\"e-con-inner\">\n\t\t\t\t<div class=\"elementor-element elementor-element-7d1e516 elementor-invisible elementor-widget elementor-widget-heading\" data-id=\"7d1e516\" data-element_type=\"widget\" data-e-type=\"widget\" data-settings=\"{&quot;_animation&quot;:&quot;fadeInUp&quot;}\" data-widget_type=\"heading.default\">\n\t\t\t\t<div class=\"elementor-widget-container\">\n\t\t\t\t\t<h2 class=\"elementor-heading-title elementor-size-default\">Akwaaba!<\/h2>\t\t\t\t<\/div>\n\t\t\t\t<\/div>\n\t\t\t\t<div class=\"elementor-element elementor-element-ad32439 elementor-widget elementor-widget-text-editor\" data-id=\"ad32439\" data-element_type=\"widget\" data-e-type=\"widget\" data-widget_type=\"text-editor.default\">\n\t\t\t\t<div class=\"elementor-widget-container\">\n\t\t\t\t\t\t\t\t\t<p>L\u2019ensemble des parents des \u00e9l\u00e8ves de l\u2019\u00e9cole, du coll\u00e8ge et du lyc\u00e9e constitue l\u2019association des parents d\u2019\u00e9l\u00e8ves du lyc\u00e9e fran\u00e7ais d\u2019Accra (APE). C\u2019est une association de droit ghan\u00e9en.<\/p>\t\t\t\t\t\t\t\t<\/div>\n\t\t\t\t<\/div>\n\t\t\t\t<div class=\"elementor-element elementor-element-69dae39 elementor-icon-list--layout-traditional elementor-list-item-link-full_width elementor-widget elementor-widget-icon-list\" data-id=\"69dae39\" data-element_type=\"widget\" data-e-type=\"widget\" data-widget_type=\"icon-list.default\">\n\t\t\t\t<div class=\"elementor-widget-container\">\n\t\t\t\t\t\t\t<ul class=\"elementor-icon-list-items\">\n\t\t\t\t\t\t\t<li class=\"elementor-icon-list-item\">\n\t\t\t\t\t\t\t\t\t\t\t<span class=\"elementor-icon-list-icon\">\n\t\t\t\t\t\t\t<i aria-hidden=\"true\" class=\"fas fa-dot-circle\"><\/i>\t\t\t\t\t\t<\/span>\n\t\t\t\t\t\t\t\t\t\t<span class=\"elementor-icon-list-text\">L\u2019ensemble des actifs de l\u2019\u00e9tablissement lui appartient. C\u2019est elle qui g\u00e8re par l\u2019interm\u00e9diaire d\u2019un conseil d'administration, en liaison avec le chef d\u2019\u00e9tablissement, la vie budg\u00e9taire et mat\u00e9rielle de l\u2019\u00e9tablissement.<\/span>\n\t\t\t\t\t\t\t\t\t<\/li>\n\t\t\t\t\t\t\t\t<li class=\"elementor-icon-list-item\">\n\t\t\t\t\t\t\t\t\t\t\t<span class=\"elementor-icon-list-icon\">\n\t\t\t\t\t\t\t<i aria-hidden=\"true\" class=\"fas fa-dot-circle\"><\/i>\t\t\t\t\t\t<\/span>\n\t\t\t\t\t\t\t\t\t\t<span class=\"elementor-icon-list-text\">Cette association tient son AG au moins deux fois par an, une en novembre pour adopter le budget de l'institution, adopter les lignes directrices de la politique d'investissement, renouveler les membres du conseil d'administration, une en juin pour approuver le bilan financier de l' ann\u00e9e civile pr\u00e9c\u00e9dente.<\/span>\n\t\t\t\t\t\t\t\t\t<\/li>\n\t\t\t\t\t\t\t\t<li class=\"elementor-icon-list-item\">\n\t\t\t\t\t\t\t\t\t\t\t<span class=\"elementor-icon-list-icon\">\n\t\t\t\t\t\t\t<i aria-hidden=\"true\" class=\"fas fa-dot-circle\"><\/i>\t\t\t\t\t\t<\/span>\n\t\t\t\t\t\t\t\t\t\t<span class=\"elementor-icon-list-text\">Le conseil d\u2019administration est compos\u00e9 de 10 membres \u00e9lus de parents d\u2019\u00e9l\u00e8ves, 2 repr\u00e9sentants du personnel, du Proviseur, du Directeur de l\u2019\u00e9cole, du Conseiller de Coop\u00e9ration, et du Consul.<\/span>\n\t\t\t\t\t\t\t\t\t<\/li>\n\t\t\t\t\t\t\t\t<li class=\"elementor-icon-list-item\">\n\t\t\t\t\t\t\t\t\t\t\t<span class=\"elementor-icon-list-icon\">\n\t\t\t\t\t\t\t<i aria-hidden=\"true\" class=\"fas fa-dot-circle\"><\/i>\t\t\t\t\t\t<\/span>\n\t\t\t\t\t\t\t\t\t\t<span class=\"elementor-icon-list-text\">Le conseil d\u2019administration \u00e9lit un pr\u00e9sident, un vice-pr\u00e9sident, un tr\u00e9sorier, un tr\u00e9sorier adjoint et un secr\u00e9taire.<\/span>\n\t\t\t\t\t\t\t\t\t<\/li>\n\t\t\t\t\t\t<\/ul>\n\t\t\t\t\t\t<\/div>\n\t\t\t\t<\/div>\n\t\t\t\t<div class=\"elementor-element elementor-element-95f028b elementor-widget elementor-widget-text-editor\" data-id=\"95f028b\" data-element_type=\"widget\" data-e-type=\"widget\" data-widget_type=\"text-editor.default\">\n\t\t\t\t<div class=\"elementor-widget-container\">\n\t\t\t\t\t\t\t\t\t<p class=\"translation-block\">C'est gr\u00e2ce au travail de ces parents, tous b\u00e9n\u00e9voles, en lien avec la direction de l'\u00e9tablissement qu'ont pu \u00eatre men\u00e9s \u00e0 bien l'expansion du LFA, la modernisation des \u00e9quipements tout en contr\u00f4lant l'augmentation des frais de scolarit\u00e9.<\/p>\t\t\t\t\t\t\t\t<\/div>\n\t\t\t\t<\/div>\n\t\t\t\t\t<\/div>\n\t\t\t\t<\/div>\n\t\t\t\t<\/div>\n\t\t\t\t<\/div>","protected":false},"excerpt":{"rendered":"<p>Akwaaba! All parents of pupils in the primary, college and high school constitute the association of parents of Lyc\u00e9e Fran\u00e7ais Jacques Prevert d\u2019Accra (PTA). It is an association required by the Ghanaian law. All the aggregate assets of the institution are owned by the association. It operates through a Management Board accompanied by the head [&hellip;]<\/p>\n","protected":false},"author":1,"featured_media":0,"parent":0,"menu_order":0,"comment_status":"closed","ping_status":"closed","template":"","meta":{"_acf_changed":false,"footnotes":""},"class_list":["post-4928","page","type-page","status-publish","hentry"],"acf":[],"_links":{"self":[{"href":"https:\/\/lfaccra.com\/fr\/wp-json\/wp\/v2\/pages\/4928","targetHints":{"allow":["GET"]}}],"collection":[{"href":"https:\/\/lfaccra.com\/fr\/wp-json\/wp\/v2\/pages"}],"about":[{"href":"https:\/\/lfaccra.com\/fr\/wp-json\/wp\/v2\/types\/page"}],"author":[{"embeddable":true,"href":"https:\/\/lfaccra.com\/fr\/wp-json\/wp\/v2\/users\/1"}],"replies":[{"embeddable":true,"href":"https:\/\/lfaccra.com\/fr\/wp-json\/wp\/v2\/comments?post=4928"}],"version-history":[{"count":16,"href":"https:\/\/lfaccra.com\/fr\/wp-json\/wp\/v2\/pages\/4928\/revisions"}],"predecessor-version":[{"id":7870,"href":"https:\/\/lfaccra.com\/fr\/wp-json\/wp\/v2\/pages\/4928\/revisions\/7870"}],"wp:attachment":[{"href":"https:\/\/lfaccra.com\/fr\/wp-json\/wp\/v2\/media?parent=4928"}],"curies":[{"name":"wp","href":"https:\/\/api.w.org\/{rel}","templated":true}]}}