{"id":4940,"date":"2023-04-02T18:41:21","date_gmt":"2023-04-02T18:41:21","guid":{"rendered":"https:\/\/lfaccra.acewebgh.com\/?page_id=4940"},"modified":"2023-04-30T17:45:29","modified_gmt":"2023-04-30T17:45:29","slug":"alumni-association","status":"publish","type":"page","link":"https:\/\/lfaccra.com\/fr\/alumni-association\/","title":{"rendered":"L\u2019Association des Anciens \u00e9l\u00e8ves"},"content":{"rendered":"<div data-elementor-type=\"wp-page\" data-elementor-id=\"4940\" class=\"elementor elementor-4940\" data-elementor-post-type=\"page\">\n\t\t\t\t<div class=\"elementor-element elementor-element-4b2a666 e-con-full e-flex e-con e-parent\" data-id=\"4b2a666\" data-element_type=\"container\" data-e-type=\"container\">\n\t\t<div class=\"elementor-element elementor-element-fb4e592 e-flex e-con-boxed e-con e-parent\" data-id=\"fb4e592\" data-element_type=\"container\" data-e-type=\"container\">\n\t\t\t\t\t<div class=\"e-con-inner\">\n\t\t<div class=\"elementor-element elementor-element-993eb9f e-flex e-con-boxed e-con e-parent\" data-id=\"993eb9f\" data-element_type=\"container\" data-e-type=\"container\" data-settings=\"{&quot;background_background&quot;:&quot;classic&quot;}\">\n\t\t\t\t\t<div class=\"e-con-inner\">\n\t\t\t\t\t<\/div>\n\t\t\t\t<\/div>\n\t\t\t\t<div class=\"elementor-element elementor-element-6ee2615 elementor-widget elementor-widget-text-editor\" data-id=\"6ee2615\" data-element_type=\"widget\" data-e-type=\"widget\" data-widget_type=\"text-editor.default\">\n\t\t\t\t<div class=\"elementor-widget-container\">\n\t\t\t\t\t\t\t\t\t<p class=\"translation-block\">LFA cherche \u00e0 recenser l'ensemble des anciens \u00e9l\u00e8ves pass\u00e9s depuis sa cr\u00e9ation en 1963. <br>Vous \u00eates un ancien \u00e9l\u00e8ve du LFA? <br>Merci de bien vouloir r\u00e9pondre au questionnaire accessible au lien suivant :<\/p>\t\t\t\t\t\t\t\t<\/div>\n\t\t\t\t<\/div>\n\t\t\t\t<div class=\"elementor-element elementor-element-1e6ae60 elementor-widget elementor-widget-button\" data-id=\"1e6ae60\" data-element_type=\"widget\" data-e-type=\"widget\" data-widget_type=\"button.default\">\n\t\t\t\t<div class=\"elementor-widget-container\">\n\t\t\t\t\t\t\t\t\t<div class=\"elementor-button-wrapper\">\n\t\t\t\t\t<a class=\"elementor-button elementor-button-link elementor-size-sm elementor-animation-shrink\" href=\"https:\/\/docs.google.com\/forms\/d\/e\/1FAIpQLSc2N1CZ6lPI9cuC1wtSyawTwf68AaXeyiiSXUBg69gqZDJJyQ\/viewform\" target=\"_blank\">\n\t\t\t\t\t\t<span class=\"elementor-button-content-wrapper\">\n\t\t\t\t\t\t\t\t\t<span class=\"elementor-button-text\">Alumni Survey<\/span>\n\t\t\t\t\t<\/span>\n\t\t\t\t\t<\/a>\n\t\t\t\t<\/div>\n\t\t\t\t\t\t\t\t<\/div>\n\t\t\t\t<\/div>\n\t\t\t\t<div class=\"elementor-element elementor-element-32d682f elementor-icon-list--layout-traditional elementor-list-item-link-full_width elementor-invisible elementor-widget elementor-widget-icon-list\" data-id=\"32d682f\" data-element_type=\"widget\" data-e-type=\"widget\" data-settings=\"{&quot;_animation&quot;:&quot;fadeInUp&quot;}\" data-widget_type=\"icon-list.default\">\n\t\t\t\t<div class=\"elementor-widget-container\">\n\t\t\t\t\t\t\t<ul class=\"elementor-icon-list-items\">\n\t\t\t\t\t\t\t<li class=\"elementor-icon-list-item\">\n\t\t\t\t\t\t\t\t\t\t\t<span class=\"elementor-icon-list-icon\">\n\t\t\t\t\t\t\t<svg xmlns=\"http:\/\/www.w3.org\/2000\/svg\" height=\"48\" viewbox=\"0 96 960 960\" width=\"48\"><path d=\"M474.601 916q4.921 0 11.421-2.38 6.5-2.381 10.739-6.62l336.043-337.043q13.468-13.482 20.452-31.05 6.983-17.567 6.983-35.613 0-18.12-6.983-36.208-6.984-18.088-20.452-31.782L659.5 262q-13.239-13-30.559-19.5t-34.756-6.5q-17.105 0-34.091 6.38-16.985 6.381-29.746 18.903l-16.326 16.565 79.565 80.326q13.717 14.956 24.315 34.532 10.598 19.577 10.598 43.027 0 39.897-31.194 70.571t-71.388 30.674q-26.353 0-43.809-7.978-17.457-7.978-32.099-22.776l-72.836-72.68-176.696 176.695q-5 4.761-7 10.407t-2 11.962q0 12.631 8.381 21.012 8.38 8.38 21.047 8.38 6.333 0 11.953-3 5.619-3 9.619-7l135.609-135.609 42 42-134.593 134.588q-5.016 5.021-7.016 11.184-2 6.163-2 12.076 0 12.12 8.761 20.94Q294 746 306 746q6 0 11.62-2.5 5.619-2.5 9.872-6.514L462.609 601.63l42 42-134.827 134.595q-3.782 4.014-6.402 10.387-2.619 6.373-2.619 12.627 0 12.096 8.94 21.048 8.94 8.952 21.02 8.952 6.04 0 11.159-2.119 5.12-2.12 9.881-6.881L547.37 686.391l42 42L453.761 864q-4.761 5-6.881 11.163-2.119 6.163-2.119 11.076 0 14.096 8 21.928 8 7.833 21.84 7.833Zm.224 65.5q-34.26 0-61.336-24.619-27.076-24.62-33.033-61.456-33.521-5.121-56.641-28.36-23.119-23.239-28.359-56.521-33.043-5.479-55.663-28.859-22.619-23.381-28.097-55.663-37.24-5.957-61.598-32.278-24.359-26.322-24.359-62.517 0-17.944 7.202-35.95 7.203-18.006 20.233-31.625l224-224L490.761 453q8 8 17.413 12.62 9.413 4.619 19.065 4.619 12.863 0 24.193-11.5 11.329-11.5 11.329-24.415 0-5.846-3.739-13.585-3.739-7.739-11.5-15.739L404.026 261.503q-12.743-12.742-30.341-19.123-17.598-6.38-35.492-6.38-17.803 0-34.65 6.38-16.847 6.381-29.31 18.999L124.565 410.652q-13.282 13.522-18.663 29.261-5.38 15.739-6.141 35.957-.522 18.543 7.859 35.967 8.38 17.424 19.663 31.706L80.456 590.37q-20-20.805-32.858-52.283Q34.739 506.609 34.5 474.37q-.24-31.914 11.141-60.251 11.38-28.337 33.098-50.054l148.37-148.609q22.478-22.478 51.972-33.217Q308.574 171.5 338.98 171.5q31.124 0 59.965 10.739 28.842 10.739 51.207 32.739l16.565 16.326 16.326-16.326q22.24-21.761 51.707-32.619 29.467-10.859 60.109-10.859 30.641 0 59.696 11.098 29.054 11.098 51.532 33.576l173.978 173.739q22.723 22.625 34.079 52.737 11.356 30.111 11.356 60.557 0 30.684-11.717 60.532-11.718 29.848-34.435 52.805L542.587 953.065q-13.717 13.718-31.206 21.076-17.488 7.359-36.556 7.359ZM370.304 425.696Z\"><\/path><\/svg>\t\t\t\t\t\t<\/span>\n\t\t\t\t\t\t\t\t\t\t<span class=\"elementor-icon-list-text\">Mission<\/span>\n\t\t\t\t\t\t\t\t\t<\/li>\n\t\t\t\t\t\t<\/ul>\n\t\t\t\t\t\t<\/div>\n\t\t\t\t<\/div>\n\t\t\t\t<div class=\"elementor-element elementor-element-90051b9 elementor-widget elementor-widget-text-editor\" data-id=\"90051b9\" data-element_type=\"widget\" data-e-type=\"widget\" data-widget_type=\"text-editor.default\">\n\t\t\t\t<div class=\"elementor-widget-container\">\n\t\t\t\t\t\t\t\t\t<p>La mission est de rendre hommage aux anciens \u00e9l\u00e8ves qui ont fait toute ou partie de leur scolarit\u00e9 au Lyc\u00e9e Fran\u00e7ais Jacques Pr\u00e9vert d\u2019Accra. Les anciens \u00e9l\u00e8ves peuvent s'associer \u00e0 la vision et la mission du LFA de mani\u00e8re significative.<\/p>\t\t\t\t\t\t\t\t<\/div>\n\t\t\t\t<\/div>\n\t\t\t\t<div class=\"elementor-element elementor-element-7abb2c6 elementor-icon-list--layout-traditional elementor-list-item-link-full_width elementor-invisible elementor-widget elementor-widget-icon-list\" data-id=\"7abb2c6\" data-element_type=\"widget\" data-e-type=\"widget\" data-settings=\"{&quot;_animation&quot;:&quot;fadeInUp&quot;}\" data-widget_type=\"icon-list.default\">\n\t\t\t\t<div class=\"elementor-widget-container\">\n\t\t\t\t\t\t\t<ul class=\"elementor-icon-list-items\">\n\t\t\t\t\t\t\t<li class=\"elementor-icon-list-item\">\n\t\t\t\t\t\t\t\t\t\t\t<span class=\"elementor-icon-list-icon\">\n\t\t\t\t\t\t\t<svg xmlns=\"http:\/\/www.w3.org\/2000\/svg\" height=\"48\" viewbox=\"0 96 960 960\" width=\"48\"><path d=\"M69.717 779.826V211.065q0-15.859 14.103-30.962T114.022 165h522.826q16.859 0 30.962 14.603 14.103 14.603 14.103 31.462v359.826q0 16.099-14.103 31.082-14.103 14.984-30.962 14.984H232.587L69.717 779.826Zm212.24 45.5q-16.153 0-30.609-15.103-14.457-15.103-14.457-30.962V676.957h505.022V332.174h104.305q15.859 0 29.962 15.103t14.103 31.962V986L729.609 825.326H281.957ZM613.782 233.37H138.087v383.999l68.543-68.543h407.152V233.37Zm-475.695 0v383.999V233.37Z\"><\/path><\/svg>\t\t\t\t\t\t<\/span>\n\t\t\t\t\t\t\t\t\t\t<span class=\"elementor-icon-list-text\">S\u2019impliquer<\/span>\n\t\t\t\t\t\t\t\t\t<\/li>\n\t\t\t\t\t\t<\/ul>\n\t\t\t\t\t\t<\/div>\n\t\t\t\t<\/div>\n\t\t\t\t<div class=\"elementor-element elementor-element-bafab6d elementor-icon-list--layout-traditional elementor-list-item-link-full_width elementor-widget elementor-widget-icon-list\" data-id=\"bafab6d\" data-element_type=\"widget\" data-e-type=\"widget\" data-widget_type=\"icon-list.default\">\n\t\t\t\t<div class=\"elementor-widget-container\">\n\t\t\t\t\t\t\t<ul class=\"elementor-icon-list-items\">\n\t\t\t\t\t\t\t<li class=\"elementor-icon-list-item\">\n\t\t\t\t\t\t\t\t\t\t\t<span class=\"elementor-icon-list-icon\">\n\t\t\t\t\t\t\t<i aria-hidden=\"true\" class=\"fas fa-dot-circle\"><\/i>\t\t\t\t\t\t<\/span>\n\t\t\t\t\t\t\t\t\t\t<span class=\"elementor-icon-list-text\">\u00catre volontaire pour \u00eatre un membre actif de l'Association des anciens \u00e9l\u00e8ves et organiser des rassemblements de classes d\u2019anciens dans votre r\u00e9gion.<\/span>\n\t\t\t\t\t\t\t\t\t<\/li>\n\t\t\t\t\t\t\t\t<li class=\"elementor-icon-list-item\">\n\t\t\t\t\t\t\t\t\t\t\t<span class=\"elementor-icon-list-icon\">\n\t\t\t\t\t\t\t<i aria-hidden=\"true\" class=\"fas fa-dot-circle\"><\/i>\t\t\t\t\t\t<\/span>\n\t\t\t\t\t\t\t\t\t\t<span class=\"elementor-icon-list-text\">Assister \u00e0 des r\u00e9unions d\u2019anciens \u00e9l\u00e8ves et aux \u00e9v\u00e8nements de l\u2019\u00e9cole.<\/span>\n\t\t\t\t\t\t\t\t\t<\/li>\n\t\t\t\t\t\t\t\t<li class=\"elementor-icon-list-item\">\n\t\t\t\t\t\t\t\t\t\t\t<span class=\"elementor-icon-list-icon\">\n\t\t\t\t\t\t\t<i aria-hidden=\"true\" class=\"fas fa-dot-circle\"><\/i>\t\t\t\t\t\t<\/span>\n\t\t\t\t\t\t\t\t\t\t<span class=\"elementor-icon-list-text\">Offrir des emplois ou des stages aux \u00e9l\u00e8ves de troisi\u00e8me et de terminale.<\/span>\n\t\t\t\t\t\t\t\t\t<\/li>\n\t\t\t\t\t\t\t\t<li class=\"elementor-icon-list-item\">\n\t\t\t\t\t\t\t\t\t\t\t<a href=\"https:\/\/www.facebook.com\/LFAGhana\/\" target=\"_blank\">\n\n\t\t\t\t\t\t\t\t\t\t\t\t<span class=\"elementor-icon-list-icon\">\n\t\t\t\t\t\t\t<i aria-hidden=\"true\" class=\"fas fa-dot-circle\"><\/i>\t\t\t\t\t\t<\/span>\n\t\t\t\t\t\t\t\t\t\t<span class=\"elementor-icon-list-text\">Rejoindre les r\u00e9seaux sociaux du LFA sur facebook:<\/span>\n\t\t\t\t\t\t\t\t\t\t\t<\/a>\n\t\t\t\t\t\t\t\t\t<\/li>\n\t\t\t\t\t\t\t\t<li class=\"elementor-icon-list-item\">\n\t\t\t\t\t\t\t\t\t\t\t<span class=\"elementor-icon-list-icon\">\n\t\t\t\t\t\t\t<i aria-hidden=\"true\" class=\"fas fa-dot-circle\"><\/i>\t\t\t\t\t\t<\/span>\n\t\t\t\t\t\t\t\t\t\t<span class=\"elementor-icon-list-text\">Promouvoir notre \u00e9cole aupr\u00e8s de vos amis et dans votre cadre professionnel.<\/span>\n\t\t\t\t\t\t\t\t\t<\/li>\n\t\t\t\t\t\t\t\t<li class=\"elementor-icon-list-item\">\n\t\t\t\t\t\t\t\t\t\t\t<span class=\"elementor-icon-list-icon\">\n\t\t\t\t\t\t\t<i aria-hidden=\"true\" class=\"fas fa-dot-circle\"><\/i>\t\t\t\t\t\t<\/span>\n\t\t\t\t\t\t\t\t\t\t<span class=\"elementor-icon-list-text\">Inclure le LFA dans vos dons de bienfaisance en \u00e9tant un participant r\u00e9gulier.<\/span>\n\t\t\t\t\t\t\t\t\t<\/li>\n\t\t\t\t\t\t<\/ul>\n\t\t\t\t\t\t<\/div>\n\t\t\t\t<\/div>\n\t\t\t\t\t<\/div>\n\t\t\t\t<\/div>\n\t\t\t\t<\/div>\n\t\t\t\t<\/div>","protected":false},"excerpt":{"rendered":"<p>LFA seeks to identify all the alumni passed since its creation in 1963.Are you a LFA alumni?Kindly answer the questionnaire available through this link: Alumni Survey Our Mission The mission is to celebrate the life-long impact upon former students of a Lyc\u00e9e Fran\u00e7ais Jacques Pr\u00e9vert d\u2019Accra. Former students can partner in the vision and mission [&hellip;]<\/p>\n","protected":false},"author":1,"featured_media":0,"parent":0,"menu_order":0,"comment_status":"closed","ping_status":"closed","template":"","meta":{"_acf_changed":false,"footnotes":""},"class_list":["post-4940","page","type-page","status-publish","hentry"],"acf":[],"_links":{"self":[{"href":"https:\/\/lfaccra.com\/fr\/wp-json\/wp\/v2\/pages\/4940","targetHints":{"allow":["GET"]}}],"collection":[{"href":"https:\/\/lfaccra.com\/fr\/wp-json\/wp\/v2\/pages"}],"about":[{"href":"https:\/\/lfaccra.com\/fr\/wp-json\/wp\/v2\/types\/page"}],"author":[{"embeddable":true,"href":"https:\/\/lfaccra.com\/fr\/wp-json\/wp\/v2\/users\/1"}],"replies":[{"embeddable":true,"href":"https:\/\/lfaccra.com\/fr\/wp-json\/wp\/v2\/comments?post=4940"}],"version-history":[{"count":22,"href":"https:\/\/lfaccra.com\/fr\/wp-json\/wp\/v2\/pages\/4940\/revisions"}],"predecessor-version":[{"id":6676,"href":"https:\/\/lfaccra.com\/fr\/wp-json\/wp\/v2\/pages\/4940\/revisions\/6676"}],"wp:attachment":[{"href":"https:\/\/lfaccra.com\/fr\/wp-json\/wp\/v2\/media?parent=4940"}],"curies":[{"name":"wp","href":"https:\/\/api.w.org\/{rel}","templated":true}]}}