{"id":5262,"date":"2023-04-03T15:21:06","date_gmt":"2023-04-03T15:21:06","guid":{"rendered":"https:\/\/lfaccra.acewebgh.com\/?page_id=5262"},"modified":"2023-09-20T13:41:40","modified_gmt":"2023-09-20T13:41:40","slug":"word-from-the-director","status":"publish","type":"page","link":"https:\/\/lfaccra.com\/fr\/word-from-the-director\/","title":{"rendered":"Mot du Directeur"},"content":{"rendered":"<div data-elementor-type=\"wp-page\" data-elementor-id=\"5262\" class=\"elementor elementor-5262\" data-elementor-post-type=\"page\">\n\t\t\t\t<div class=\"elementor-element elementor-element-0bd05dd e-con-full e-flex e-con e-parent\" data-id=\"0bd05dd\" data-element_type=\"container\" data-e-type=\"container\">\n\t\t<div class=\"elementor-element elementor-element-ee9c95c e-flex e-con-boxed e-con e-parent\" data-id=\"ee9c95c\" data-element_type=\"container\" data-e-type=\"container\">\n\t\t\t\t\t<div class=\"e-con-inner\">\n\t\t<div class=\"elementor-element elementor-element-5b6e9b7 e-con-full e-flex e-con e-parent\" data-id=\"5b6e9b7\" data-element_type=\"container\" data-e-type=\"container\">\n\t\t\t\t<div class=\"elementor-element elementor-element-a1ba3a2 elementor-widget elementor-widget-image\" data-id=\"a1ba3a2\" data-element_type=\"widget\" data-e-type=\"widget\" data-widget_type=\"image.default\">\n\t\t\t\t<div class=\"elementor-widget-container\">\n\t\t\t\t\t\t\t\t\t\t\t\t\t\t\t<img fetchpriority=\"high\" decoding=\"async\" width=\"728\" height=\"768\" src=\"https:\/\/lfaccra.com\/wp-content\/uploads\/2023\/09\/DSC00892.jpg\" class=\"attachment-large size-large wp-image-9097\" alt=\"\" srcset=\"https:\/\/lfaccra.com\/wp-content\/uploads\/2023\/09\/DSC00892.jpg 728w, https:\/\/lfaccra.com\/wp-content\/uploads\/2023\/09\/DSC00892-284x300.jpg 284w, https:\/\/lfaccra.com\/wp-content\/uploads\/2023\/09\/DSC00892-11x12.jpg 11w\" sizes=\"(max-width: 728px) 100vw, 728px\" \/>\t\t\t\t\t\t\t\t\t\t\t\t\t\t\t<\/div>\n\t\t\t\t<\/div>\n\t\t\t\t<div class=\"elementor-element elementor-element-48d1916 elementor-widget__width-auto elementor-widget-divider--view-line elementor-widget elementor-widget-divider\" data-id=\"48d1916\" data-element_type=\"widget\" data-e-type=\"widget\" data-widget_type=\"divider.default\">\n\t\t\t\t<div class=\"elementor-widget-container\">\n\t\t\t\t\t\t\t<div class=\"elementor-divider\">\n\t\t\t<span class=\"elementor-divider-separator\">\n\t\t\t\t\t\t<\/span>\n\t\t<\/div>\n\t\t\t\t\t\t<\/div>\n\t\t\t\t<\/div>\n\t\t\t\t<div class=\"elementor-element elementor-element-e26d341 elementor-widget elementor-widget-heading\" data-id=\"e26d341\" data-element_type=\"widget\" data-e-type=\"widget\" data-widget_type=\"heading.default\">\n\t\t\t\t<div class=\"elementor-widget-container\">\n\t\t\t\t\t<h2 class=\"elementor-heading-title elementor-size-default\">Mme<br>\nEmmanuelle<br>\nALLIES<\/h2>\t\t\t\t<\/div>\n\t\t\t\t<\/div>\n\t\t\t\t<div class=\"elementor-element elementor-element-3ae6352 elementor-invisible elementor-widget elementor-widget-heading\" data-id=\"3ae6352\" data-element_type=\"widget\" data-e-type=\"widget\" data-settings=\"{&quot;_animation&quot;:&quot;fadeInUp&quot;}\" data-widget_type=\"heading.default\">\n\t\t\t\t<div class=\"elementor-widget-container\">\n\t\t\t\t\t<h2 class=\"elementor-heading-title elementor-size-default\">Directeur de l\u2019 \u00e9cole primaire<\/h2>\t\t\t\t<\/div>\n\t\t\t\t<\/div>\n\t\t\t\t<\/div>\n\t\t<div class=\"elementor-element elementor-element-e6389a7 e-flex e-con-boxed e-con e-parent\" data-id=\"e6389a7\" data-element_type=\"container\" data-e-type=\"container\">\n\t\t\t\t\t<div class=\"e-con-inner\">\n\t\t\t\t<div class=\"elementor-element elementor-element-834ea2b elementor-absolute e-transform elementor-invisible elementor-widget elementor-widget-heading\" data-id=\"834ea2b\" data-element_type=\"widget\" data-e-type=\"widget\" data-settings=\"{&quot;_position&quot;:&quot;absolute&quot;,&quot;_animation&quot;:&quot;fadeInLeft&quot;,&quot;_transform_flipX_effect&quot;:&quot;transform&quot;}\" data-widget_type=\"heading.default\">\n\t\t\t\t<div class=\"elementor-widget-container\">\n\t\t\t\t\t<h2 class=\"elementor-heading-title elementor-size-default\">\"<\/h2>\t\t\t\t<\/div>\n\t\t\t\t<\/div>\n\t\t\t\t<div class=\"elementor-element elementor-element-c9de1e8 elementor-widget elementor-widget-text-editor\" data-id=\"c9de1e8\" data-element_type=\"widget\" data-e-type=\"widget\" data-widget_type=\"text-editor.default\">\n\t\t\t\t<div class=\"elementor-widget-container\">\n\t\t\t\t\t\t\t\t\t<p><span>A l\u2019 \u00e9cole primaire, nos \u00e9l\u00e8ves ont la chance d\u2019\u00e9voluer dans un environnement stimulant et bilingue. Les \u00e9l\u00e8ves de tous niveaux de fran\u00e7ais sont les bienvenus dans notre \u00e9tablissement. Les classes de maternelle et \u00e9l\u00e9mentaire offrent un enseignement diff\u00e9renci\u00e9. Les \u00e9l\u00e8ves, primo-arrivants, sont pleinement int\u00e9gr\u00e9s dans la classe avec des \u00e9l\u00e8ves francophones pour aider \u00e0 acc\u00e9l\u00e9rer l\u2019acquisition de la langue. L\u2019orientation p\u00e9dagogique de l\u2019\u00e9cole respecte les instructions officielles fran\u00e7aises et favorise largement l\u2019ouverture sur le pays d\u2019accueil.<\/span><\/p><p><span>L\u2019\u00e9cole primaire compte 429 \u00e9l\u00e8ves de la Petite Section au CM2. Nous comptons 18 classes, 4 en maternelle et 15 en \u00e9l\u00e9mentaire avec 2 \u00e0 3 classes par niveau.<\/span><\/p><p><span>L\u2019\u00e9cole maternelle, le cycle 1, est le cycle des apprentissages premiers. C\u2019est une sp\u00e9cificit\u00e9 fran\u00e7aise qui accueille les enfants depuis l\u2019\u00e2ge de 3 ans. Notre programme combine enseignement bilingue, d\u00e9veloppement de l\u2019enfant et apprentissage dans une atmosph\u00e8re adapt\u00e9e \u00e0 l\u2019\u00e2ge, au pluriculturel et \u00e0 la cr\u00e9ation. L\u2019immersion pr\u00e9coce en milieu bilingue est un moyen efficace d\u2019aider les \u00e9l\u00e8ves \u00e0 atteindre la ma\u00eetrise et le confort de la langue et la culture. Ils passent 70% de leur temps \u00e0 l\u2019\u00e9cole maternelle en fran\u00e7ais et 30% en anglais et c\u00f4toient ces deux langues toute la journ\u00e9e au fil des activit\u00e9s dispens\u00e9es sous forme d\u2019activit\u00e9s structur\u00e9es, de jeux ou de projets.<\/span><\/p><p><span>L\u2019\u00e9cole \u00e9l\u00e9mentaire, c\u2019est le temps des apprentissages fondamentaux, cycle 2 puis celui de la consolidation, cycle 3. Les enseignements sont organis\u00e9s par domaine : la ma\u00eetrise de la langue fran\u00e7aise, l\u2019apprentissage des notions math\u00e9matiques, la formation du citoyen sont les priorit\u00e9s de la formation dispens\u00e9e aux \u00e9l\u00e8ves. L\u2019enseignement des langues vivantes (30% en anglais), du sport, des sciences, l\u2019\u00e9ducation artistique et culturelle, l\u2019informatique et l\u2019instruction civique et morale y ont \u00e9galement toute leur place.<\/span><\/p><p><span>L\u2019EMILE (Enseignement d\u2019une Mati\u00e8re Int\u00e9gr\u00e9e \u00e0 une Langue Etrang\u00e8re) concerne le sport, les arts, les sciences, la g\u00e9ographie et quelques domaines en math\u00e9matiques. Nous avons \u00e9galement une attention particuli\u00e8re pour les langues dans le cadre de nos activit\u00e9s p\u00e9riscolaires qui viennent en compl\u00e9ment de la scolarit\u00e9.<\/span><\/p>\t\t\t\t\t\t\t\t<\/div>\n\t\t\t\t<\/div>\n\t\t\t\t\t<\/div>\n\t\t\t\t<\/div>\n\t\t\t\t\t<\/div>\n\t\t\t\t<\/div>\n\t\t\t\t<\/div>\n\t\t\t\t<\/div>","protected":false},"excerpt":{"rendered":"<p>Mrs. Emmanuelle ALLIES PRIMARY SCHOOL DIRECTOR &#8220; In primary school, our students have the chance to evolve in a stimulating and bilingual environment.\u00a0Students of all levels of French are welcome in our establishment.\u00a0Kindergarten and elementary classes offer differentiated instruction.\u00a0Newcomer students are fully integrated into the classroom with French-speaking students to help accelerate language acquisition.\u00a0The pedagogical [&hellip;]<\/p>\n","protected":false},"author":1,"featured_media":0,"parent":0,"menu_order":0,"comment_status":"closed","ping_status":"closed","template":"","meta":{"_acf_changed":false,"footnotes":""},"class_list":["post-5262","page","type-page","status-publish","hentry"],"acf":[],"_links":{"self":[{"href":"https:\/\/lfaccra.com\/fr\/wp-json\/wp\/v2\/pages\/5262","targetHints":{"allow":["GET"]}}],"collection":[{"href":"https:\/\/lfaccra.com\/fr\/wp-json\/wp\/v2\/pages"}],"about":[{"href":"https:\/\/lfaccra.com\/fr\/wp-json\/wp\/v2\/types\/page"}],"author":[{"embeddable":true,"href":"https:\/\/lfaccra.com\/fr\/wp-json\/wp\/v2\/users\/1"}],"replies":[{"embeddable":true,"href":"https:\/\/lfaccra.com\/fr\/wp-json\/wp\/v2\/comments?post=5262"}],"version-history":[{"count":8,"href":"https:\/\/lfaccra.com\/fr\/wp-json\/wp\/v2\/pages\/5262\/revisions"}],"predecessor-version":[{"id":9100,"href":"https:\/\/lfaccra.com\/fr\/wp-json\/wp\/v2\/pages\/5262\/revisions\/9100"}],"wp:attachment":[{"href":"https:\/\/lfaccra.com\/fr\/wp-json\/wp\/v2\/media?parent=5262"}],"curies":[{"name":"wp","href":"https:\/\/api.w.org\/{rel}","templated":true}]}}