{"id":5266,"date":"2023-04-03T15:22:34","date_gmt":"2023-04-03T15:22:34","guid":{"rendered":"https:\/\/lfaccra.acewebgh.com\/?page_id=5266"},"modified":"2023-05-23T08:40:54","modified_gmt":"2023-05-23T08:40:54","slug":"the-bcd","status":"publish","type":"page","link":"https:\/\/lfaccra.com\/fr\/the-bcd\/","title":{"rendered":"La BCD"},"content":{"rendered":"<div data-elementor-type=\"wp-page\" data-elementor-id=\"5266\" class=\"elementor elementor-5266\" data-elementor-post-type=\"page\">\n\t\t\t\t<div class=\"elementor-element elementor-element-39128cc e-con-full e-flex e-con e-parent\" data-id=\"39128cc\" data-element_type=\"container\" data-e-type=\"container\">\n\t\t<div class=\"elementor-element elementor-element-2577a32 e-flex e-con-boxed e-con e-parent\" data-id=\"2577a32\" data-element_type=\"container\" data-e-type=\"container\">\n\t\t\t\t\t<div class=\"e-con-inner\">\n\t\t<div class=\"elementor-element elementor-element-b493bab e-con-full e-flex e-con e-parent\" data-id=\"b493bab\" data-element_type=\"container\" data-e-type=\"container\" data-settings=\"{&quot;background_background&quot;:&quot;classic&quot;}\">\n\t\t\t\t<\/div>\n\t\t\t\t<div class=\"elementor-element elementor-element-1ba923b elementor-widget elementor-widget-text-editor\" data-id=\"1ba923b\" data-element_type=\"widget\" data-e-type=\"widget\" data-widget_type=\"text-editor.default\">\n\t\t\t\t<div class=\"elementor-widget-container\">\n\t\t\t\t\t\t\t\t\t<p>La BCD( Biblioth\u00e8que Centre Documentaire) est un lieu central dans l\u2019\u00e9cole primaire. Les \u00e9l\u00e8ves du LFA viennent \u00e0 la BCD chaque semaine selon leur emploi du temps pour y d\u00e9couvrir les richesses de la litt\u00e9rature de jeunesse. Les th\u00e8mes abord\u00e9s lors des s\u00e9ances sont choisis en lien avec le programme enseign\u00e9 durant la p\u00e9riode.<\/p><p>La BCD est un lieu de \u00ab lecture-plaisir \u00bb.Durant les r\u00e9cr\u00e9ations et la pause m\u00e9ridienne, les \u00e9l\u00e8ves peuvent venir chaque jour y lire des livres et en emprunter. C\u2019est un endroit de calme et de d\u00e9tente propice \u00e0 la lecture. Les enfants appr\u00e9cient particuli\u00e8rement l\u2019ambiance qui y r\u00e8gne et son soucieux de respecter les r\u00e8gles qui lui sont propres. Ils y apprennent petit \u00e0 petit \u00e0 devenir autonomes face \u00e0 leurs choix et leurs plaisirs de lecteur.<\/p><p>L\u2019enseignante-documentaliste responsable de la BCD met en \u0153uvre des activit\u00e9s et projets p\u00e9dagogiques autour monde du livre afin de donner l\u2019envie de lire, de s\u2019initier au monde de l\u2019\u00e9crit et d\u2019enrichir la culture litt\u00e9raire des \u00e9l\u00e8ves. R\u00e9guli\u00e8rement, la BCD propose des projets en collaboration avec les enseignants et la vie de l\u2019\u00e9cole (expositions, spectacles, accueil d\u2019intervenants externes, d\u00e9fis et rallye-lecture, \u2026).<\/p><p>La BCD poss\u00e8de un fonds de livre de presque 12 000 ouvrages en fran\u00e7ais et en anglais (documentaires, romans,bande-dessin\u00e9es, recueils de po\u00e9sie, contes, albums). Dans le cadre du projet de bilinguisme de l\u2019\u00e9cole, les \u00e9l\u00e8ves alternent l\u2019emprunt en fran\u00e7ais et en anglais.Ces ouvrages sont g\u00e9r\u00e9s de mani\u00e8re informatis\u00e9e gr\u00e2ce au logiciel BCDI qui permet \u00e0 la fois le suivi des emprunts et une recherche conviviale des ouvrages. D\u00e8s le CM1, les \u00e9l\u00e8ves apprennent \u00e0 utiliser le logiciel de gestion de la biblioth\u00e8que afin d\u2019augmenter leur autonomie.<\/p><p>La BCD b\u00e9n\u00e9ficie d\u2019abonnements \u00e0 des revues et magazines qui arrivent mensuellement et qui permettent aux enfants des\u2019informer en fonction de l\u2019actualit\u00e9.<\/p><p><img fetchpriority=\"high\" decoding=\"async\" class=\"alignnone wp-image-8520 size-full\" src=\"https:\/\/lfaccra.com\/wp-content\/uploads\/2023\/05\/bcd-2.jpg\" alt=\"\" width=\"930\" height=\"454\" srcset=\"https:\/\/lfaccra.com\/wp-content\/uploads\/2023\/05\/bcd-2.jpg 930w, https:\/\/lfaccra.com\/wp-content\/uploads\/2023\/05\/bcd-2-300x146.jpg 300w, https:\/\/lfaccra.com\/wp-content\/uploads\/2023\/05\/bcd-2-768x375.jpg 768w, https:\/\/lfaccra.com\/wp-content\/uploads\/2023\/05\/bcd-2-18x9.jpg 18w\" sizes=\"(max-width: 930px) 100vw, 930px\" \/><\/p><p>Chaque semaine, une collection, un th\u00e8me, un illustrateur, une figure, un auteur, un illustrateur de litt\u00e9rature de jeunesse est pr\u00e9sent\u00e9 aux \u00e9l\u00e8ves.<\/p><p>Les \u00e9l\u00e8ves sont responsables des livres emprunt\u00e9s. Ils prennent conscience que la biblioth\u00e8que est une ressource mise \u00e0 leur disposition qu\u2019ils se doivent de pr\u00e9server et que d\u2019autres \u00e9l\u00e8ves la partagent \u00e9galement. Les livres perdus ou endommag\u00e9s sont factur\u00e9s aux parents.<\/p><p>La BCD dispose d\u2019un coin lecture qui permet de recevoir les classes et de laisser chaque lecteur profiter d\u2019un moment de d\u00e9tente. Par ailleurs, des coussins permettent aux \u00e9l\u00e8ves de s\u2019isoler dans la biblioth\u00e8que \u00e0 un endroit qu\u2019ils choisissent.<\/p><p>Une table de travail permet de travailler individuellement ou en groupe \u00e0 des projets litt\u00e9raires.<\/p><p>De mani\u00e8re ponctuelle, l\u2019enseignante-documentaliste fait appel \u00e0 du mat\u00e9riel informatique afin de travailler l\u2019\u00e9crit en compl\u00e9mentarit\u00e9 avec les outils de l\u2019audio-visuel.<\/p><p>Contact : <a href=\"mailto:bcd@lfaccra.com\">bcd@lfaccra.com<\/a><\/p>\t\t\t\t\t\t\t\t<\/div>\n\t\t\t\t<\/div>\n\t\t\t\t<div class=\"elementor-element elementor-element-2e295bd elementor-widget elementor-widget-gallery\" data-id=\"2e295bd\" data-element_type=\"widget\" data-e-type=\"widget\" data-settings=\"{&quot;gallery_layout&quot;:&quot;masonry&quot;,&quot;columns&quot;:3,&quot;lazyload&quot;:&quot;yes&quot;,&quot;columns_tablet&quot;:2,&quot;columns_mobile&quot;:1,&quot;gap&quot;:{&quot;unit&quot;:&quot;px&quot;,&quot;size&quot;:10,&quot;sizes&quot;:[]},&quot;gap_laptop&quot;:{&quot;unit&quot;:&quot;px&quot;,&quot;size&quot;:10,&quot;sizes&quot;:[]},&quot;gap_tablet_extra&quot;:{&quot;unit&quot;:&quot;px&quot;,&quot;size&quot;:10,&quot;sizes&quot;:[]},&quot;gap_tablet&quot;:{&quot;unit&quot;:&quot;px&quot;,&quot;size&quot;:10,&quot;sizes&quot;:[]},&quot;gap_mobile&quot;:{&quot;unit&quot;:&quot;px&quot;,&quot;size&quot;:10,&quot;sizes&quot;:[]},&quot;link_to&quot;:&quot;file&quot;,&quot;show_all_galleries&quot;:&quot;yes&quot;,&quot;overlay_background&quot;:&quot;yes&quot;,&quot;content_hover_animation&quot;:&quot;fade-in&quot;}\" data-widget_type=\"gallery.default\">\n\t\t\t\t<div class=\"elementor-widget-container\">\n\t\t\t\t\t\t\t\t<div class=\"elementor-gallery__titles-container e--pointer-underline e--animation-fade\" aria-label=\"Gallery filter\">\n\t\t\t\t\t\t\t\t\t<a class=\"elementor-item elementor-gallery-title\" role=\"button\" tabindex=\"0\" data-gallery-index=\"all\">\n\t\t\t\t\t\tAll\t\t\t\t\t<\/a>\n\t\t\t\t\n\t\t\t\t\t\t\t\t\t<a class=\"elementor-item elementor-gallery-title\" role=\"button\" tabindex=\"0\" data-gallery-index=\"0\">\n\t\t\t\t\t\t100 days of School\t\t\t\t\t<\/a>\n\t\t\t\t\t\t\t\t\t\t<a class=\"elementor-item elementor-gallery-title\" role=\"button\" tabindex=\"0\" data-gallery-index=\"1\">\n\t\t\t\t\t\tHalloween 21.10.22\t\t\t\t\t<\/a>\n\t\t\t\t\t\t\t\t\t\t<a class=\"elementor-item elementor-gallery-title\" role=\"button\" tabindex=\"0\" data-gallery-index=\"2\">\n\t\t\t\t\t\tFrancophonie Games\t\t\t\t\t<\/a>\n\t\t\t\t\t\t\t\t\t\t<a class=\"elementor-item elementor-gallery-title\" role=\"button\" tabindex=\"0\" data-gallery-index=\"3\">\n\t\t\t\t\t\tWomen's Day March 18th\t\t\t\t\t<\/a>\n\t\t\t\t\t\t\t\t<\/div>\n\t\t\t\t\t<div class=\"elementor-gallery__container\">\n\t\t\t\t\t\t\t<a class=\"e-gallery-item elementor-gallery-item elementor-animated-content\" data-e-gallery-tags=\"0\" href=\"https:\/\/lfaccra.com\/wp-content\/uploads\/2023\/05\/IMG_7336.jpg\" data-elementor-open-lightbox=\"yes\" data-elementor-lightbox-slideshow=\"2e295bd\" data-elementor-lightbox-title=\"IMG_7336\" data-e-action-hash=\"#elementor-action%3Aaction%3Dlightbox%26settings%3DeyJpZCI6ODUzMywidXJsIjoiaHR0cHM6XC9cL2xmYWNjcmEuY29tXC93cC1jb250ZW50XC91cGxvYWRzXC8yMDIzXC8wNVwvSU1HXzczMzYuanBnIiwic2xpZGVzaG93IjoiMmUyOTViZCJ9\">\n\t\t\t\t\t<div class=\"e-gallery-image elementor-gallery-item__image\" data-thumbnail=\"https:\/\/lfaccra.com\/wp-content\/uploads\/2023\/05\/IMG_7336-768x576.jpg\" data-width=\"768\" data-height=\"576\" aria-label=\"\" role=\"img\" ><\/div>\n\t\t\t\t\t\t\t\t\t\t\t<div class=\"elementor-gallery-item__overlay\"><\/div>\n\t\t\t\t\t\t\t\t\t\t\t\t\t\t<\/a>\n\t\t\t\t\t\t\t<a class=\"e-gallery-item elementor-gallery-item elementor-animated-content\" data-e-gallery-tags=\"0\" href=\"https:\/\/lfaccra.com\/wp-content\/uploads\/2023\/05\/PHOTO-2023-03-09-10-13-47-2.jpg\" data-elementor-open-lightbox=\"yes\" data-elementor-lightbox-slideshow=\"2e295bd\" data-elementor-lightbox-title=\"PHOTO-2023-03-09-10-13-47 (2)\" data-e-action-hash=\"#elementor-action%3Aaction%3Dlightbox%26settings%3DeyJpZCI6ODUzMiwidXJsIjoiaHR0cHM6XC9cL2xmYWNjcmEuY29tXC93cC1jb250ZW50XC91cGxvYWRzXC8yMDIzXC8wNVwvUEhPVE8tMjAyMy0wMy0wOS0xMC0xMy00Ny0yLmpwZyIsInNsaWRlc2hvdyI6IjJlMjk1YmQifQ%3D%3D\">\n\t\t\t\t\t<div class=\"e-gallery-image elementor-gallery-item__image\" data-thumbnail=\"https:\/\/lfaccra.com\/wp-content\/uploads\/2023\/05\/PHOTO-2023-03-09-10-13-47-2-768x1262.jpg\" data-width=\"768\" data-height=\"1262\" aria-label=\"\" role=\"img\" ><\/div>\n\t\t\t\t\t\t\t\t\t\t\t<div class=\"elementor-gallery-item__overlay\"><\/div>\n\t\t\t\t\t\t\t\t\t\t\t\t\t\t<\/a>\n\t\t\t\t\t\t\t<a class=\"e-gallery-item elementor-gallery-item elementor-animated-content\" data-e-gallery-tags=\"0\" href=\"https:\/\/lfaccra.com\/wp-content\/uploads\/2023\/05\/PHOTO-2023-03-09-10-13-47.jpg\" data-elementor-open-lightbox=\"yes\" data-elementor-lightbox-slideshow=\"2e295bd\" data-elementor-lightbox-title=\"PHOTO-2023-03-09-10-13-47\" data-e-action-hash=\"#elementor-action%3Aaction%3Dlightbox%26settings%3DeyJpZCI6ODUzMSwidXJsIjoiaHR0cHM6XC9cL2xmYWNjcmEuY29tXC93cC1jb250ZW50XC91cGxvYWRzXC8yMDIzXC8wNVwvUEhPVE8tMjAyMy0wMy0wOS0xMC0xMy00Ny5qcGciLCJzbGlkZXNob3ciOiIyZTI5NWJkIn0%3D\">\n\t\t\t\t\t<div class=\"e-gallery-image elementor-gallery-item__image\" data-thumbnail=\"https:\/\/lfaccra.com\/wp-content\/uploads\/2023\/05\/PHOTO-2023-03-09-10-13-47-768x939.jpg\" data-width=\"768\" data-height=\"939\" aria-label=\"\" role=\"img\" ><\/div>\n\t\t\t\t\t\t\t\t\t\t\t<div class=\"elementor-gallery-item__overlay\"><\/div>\n\t\t\t\t\t\t\t\t\t\t\t\t\t\t<\/a>\n\t\t\t\t\t\t\t<a class=\"e-gallery-item elementor-gallery-item elementor-animated-content\" data-e-gallery-tags=\"1\" href=\"https:\/\/lfaccra.com\/wp-content\/uploads\/2023\/05\/bcd-2.jpg\" data-elementor-open-lightbox=\"yes\" data-elementor-lightbox-slideshow=\"2e295bd\" data-elementor-lightbox-title=\"bcd-2\" data-e-action-hash=\"#elementor-action%3Aaction%3Dlightbox%26settings%3DeyJpZCI6ODUyMCwidXJsIjoiaHR0cHM6XC9cL2xmYWNjcmEuY29tXC93cC1jb250ZW50XC91cGxvYWRzXC8yMDIzXC8wNVwvYmNkLTIuanBnIiwic2xpZGVzaG93IjoiMmUyOTViZCJ9\">\n\t\t\t\t\t<div class=\"e-gallery-image elementor-gallery-item__image\" data-thumbnail=\"https:\/\/lfaccra.com\/wp-content\/uploads\/2023\/05\/bcd-2-768x375.jpg\" data-width=\"768\" data-height=\"375\" aria-label=\"\" role=\"img\" ><\/div>\n\t\t\t\t\t\t\t\t\t\t\t<div class=\"elementor-gallery-item__overlay\"><\/div>\n\t\t\t\t\t\t\t\t\t\t\t\t\t\t<\/a>\n\t\t\t\t\t\t\t<a class=\"e-gallery-item elementor-gallery-item elementor-animated-content\" data-e-gallery-tags=\"1\" href=\"https:\/\/lfaccra.com\/wp-content\/uploads\/2023\/05\/PHOTO-2022-10-21-12-23-02.jpg\" data-elementor-open-lightbox=\"yes\" data-elementor-lightbox-slideshow=\"2e295bd\" data-elementor-lightbox-title=\"PHOTO-2022-10-21-12-23-02\" data-e-action-hash=\"#elementor-action%3Aaction%3Dlightbox%26settings%3DeyJpZCI6ODUzNCwidXJsIjoiaHR0cHM6XC9cL2xmYWNjcmEuY29tXC93cC1jb250ZW50XC91cGxvYWRzXC8yMDIzXC8wNVwvUEhPVE8tMjAyMi0xMC0yMS0xMi0yMy0wMi5qcGciLCJzbGlkZXNob3ciOiIyZTI5NWJkIn0%3D\">\n\t\t\t\t\t<div class=\"e-gallery-image elementor-gallery-item__image\" data-thumbnail=\"https:\/\/lfaccra.com\/wp-content\/uploads\/2023\/05\/PHOTO-2022-10-21-12-23-02-768x1024.jpg\" data-width=\"768\" data-height=\"1024\" aria-label=\"\" role=\"img\" ><\/div>\n\t\t\t\t\t\t\t\t\t\t\t<div class=\"elementor-gallery-item__overlay\"><\/div>\n\t\t\t\t\t\t\t\t\t\t\t\t\t\t<\/a>\n\t\t\t\t\t\t\t<a class=\"e-gallery-item elementor-gallery-item elementor-animated-content\" data-e-gallery-tags=\"1\" href=\"https:\/\/lfaccra.com\/wp-content\/uploads\/2023\/05\/PHOTO-2022-10-21-11-53-21.jpg\" data-elementor-open-lightbox=\"yes\" data-elementor-lightbox-slideshow=\"2e295bd\" data-elementor-lightbox-title=\"PHOTO-2022-10-21-11-53-21\" data-e-action-hash=\"#elementor-action%3Aaction%3Dlightbox%26settings%3DeyJpZCI6ODUzNSwidXJsIjoiaHR0cHM6XC9cL2xmYWNjcmEuY29tXC93cC1jb250ZW50XC91cGxvYWRzXC8yMDIzXC8wNVwvUEhPVE8tMjAyMi0xMC0yMS0xMS01My0yMS5qcGciLCJzbGlkZXNob3ciOiIyZTI5NWJkIn0%3D\">\n\t\t\t\t\t<div class=\"e-gallery-image elementor-gallery-item__image\" data-thumbnail=\"https:\/\/lfaccra.com\/wp-content\/uploads\/2023\/05\/PHOTO-2022-10-21-11-53-21.jpg\" data-width=\"750\" data-height=\"1000\" aria-label=\"\" role=\"img\" ><\/div>\n\t\t\t\t\t\t\t\t\t\t\t<div class=\"elementor-gallery-item__overlay\"><\/div>\n\t\t\t\t\t\t\t\t\t\t\t\t\t\t<\/a>\n\t\t\t\t\t\t\t<a class=\"e-gallery-item elementor-gallery-item elementor-animated-content\" data-e-gallery-tags=\"1\" href=\"https:\/\/lfaccra.com\/wp-content\/uploads\/2023\/05\/PHOTO-2022-10-21-11-02-08.jpg\" data-elementor-open-lightbox=\"yes\" data-elementor-lightbox-slideshow=\"2e295bd\" data-elementor-lightbox-title=\"PHOTO-2022-10-21-11-02-08\" data-e-action-hash=\"#elementor-action%3Aaction%3Dlightbox%26settings%3DeyJpZCI6ODUzNiwidXJsIjoiaHR0cHM6XC9cL2xmYWNjcmEuY29tXC93cC1jb250ZW50XC91cGxvYWRzXC8yMDIzXC8wNVwvUEhPVE8tMjAyMi0xMC0yMS0xMS0wMi0wOC5qcGciLCJzbGlkZXNob3ciOiIyZTI5NWJkIn0%3D\">\n\t\t\t\t\t<div class=\"e-gallery-image elementor-gallery-item__image\" data-thumbnail=\"https:\/\/lfaccra.com\/wp-content\/uploads\/2023\/05\/PHOTO-2022-10-21-11-02-08-768x527.jpg\" data-width=\"768\" data-height=\"527\" aria-label=\"\" role=\"img\" ><\/div>\n\t\t\t\t\t\t\t\t\t\t\t<div class=\"elementor-gallery-item__overlay\"><\/div>\n\t\t\t\t\t\t\t\t\t\t\t\t\t\t<\/a>\n\t\t\t\t\t\t\t<a class=\"e-gallery-item elementor-gallery-item elementor-animated-content\" data-e-gallery-tags=\"2\" href=\"https:\/\/lfaccra.com\/wp-content\/uploads\/2023\/05\/c3ce17c3-0802-4431-adb2-a5d7fe68c41d.jpg\" data-elementor-open-lightbox=\"yes\" data-elementor-lightbox-slideshow=\"2e295bd\" data-elementor-lightbox-title=\"c3ce17c3-0802-4431-adb2-a5d7fe68c41d\" data-e-action-hash=\"#elementor-action%3Aaction%3Dlightbox%26settings%3DeyJpZCI6ODUzMCwidXJsIjoiaHR0cHM6XC9cL2xmYWNjcmEuY29tXC93cC1jb250ZW50XC91cGxvYWRzXC8yMDIzXC8wNVwvYzNjZTE3YzMtMDgwMi00NDMxLWFkYjItYTVkN2ZlNjhjNDFkLmpwZyIsInNsaWRlc2hvdyI6IjJlMjk1YmQifQ%3D%3D\">\n\t\t\t\t\t<div class=\"e-gallery-image elementor-gallery-item__image\" data-thumbnail=\"https:\/\/lfaccra.com\/wp-content\/uploads\/2023\/05\/c3ce17c3-0802-4431-adb2-a5d7fe68c41d-768x576.jpg\" data-width=\"768\" data-height=\"576\" aria-label=\"\" role=\"img\" ><\/div>\n\t\t\t\t\t\t\t\t\t\t\t<div class=\"elementor-gallery-item__overlay\"><\/div>\n\t\t\t\t\t\t\t\t\t\t\t\t\t\t<\/a>\n\t\t\t\t\t\t\t<a class=\"e-gallery-item elementor-gallery-item elementor-animated-content\" data-e-gallery-tags=\"2\" href=\"https:\/\/lfaccra.com\/wp-content\/uploads\/2023\/05\/bcd-1.jpg\" data-elementor-open-lightbox=\"yes\" data-elementor-lightbox-slideshow=\"2e295bd\" data-elementor-lightbox-title=\"bcd-1\" data-e-action-hash=\"#elementor-action%3Aaction%3Dlightbox%26settings%3DeyJpZCI6ODUxNSwidXJsIjoiaHR0cHM6XC9cL2xmYWNjcmEuY29tXC93cC1jb250ZW50XC91cGxvYWRzXC8yMDIzXC8wNVwvYmNkLTEuanBnIiwic2xpZGVzaG93IjoiMmUyOTViZCJ9\">\n\t\t\t\t\t<div class=\"e-gallery-image elementor-gallery-item__image\" data-thumbnail=\"https:\/\/lfaccra.com\/wp-content\/uploads\/2023\/05\/bcd-1-768x376.jpg\" data-width=\"768\" data-height=\"376\" aria-label=\"\" role=\"img\" ><\/div>\n\t\t\t\t\t\t\t\t\t\t\t<div class=\"elementor-gallery-item__overlay\"><\/div>\n\t\t\t\t\t\t\t\t\t\t\t\t\t\t<\/a>\n\t\t\t\t\t\t\t<a class=\"e-gallery-item elementor-gallery-item elementor-animated-content\" data-e-gallery-tags=\"2\" href=\"https:\/\/lfaccra.com\/wp-content\/uploads\/2023\/05\/d780e3ec-5b19-4c2a-bb7e-30a21202ccba.jpg\" data-elementor-open-lightbox=\"yes\" data-elementor-lightbox-slideshow=\"2e295bd\" data-elementor-lightbox-title=\"d780e3ec-5b19-4c2a-bb7e-30a21202ccba\" data-e-action-hash=\"#elementor-action%3Aaction%3Dlightbox%26settings%3DeyJpZCI6ODUyOSwidXJsIjoiaHR0cHM6XC9cL2xmYWNjcmEuY29tXC93cC1jb250ZW50XC91cGxvYWRzXC8yMDIzXC8wNVwvZDc4MGUzZWMtNWIxOS00YzJhLWJiN2UtMzBhMjEyMDJjY2JhLmpwZyIsInNsaWRlc2hvdyI6IjJlMjk1YmQifQ%3D%3D\">\n\t\t\t\t\t<div class=\"e-gallery-image elementor-gallery-item__image\" data-thumbnail=\"https:\/\/lfaccra.com\/wp-content\/uploads\/2023\/05\/d780e3ec-5b19-4c2a-bb7e-30a21202ccba-768x705.jpg\" data-width=\"768\" data-height=\"705\" aria-label=\"\" role=\"img\" ><\/div>\n\t\t\t\t\t\t\t\t\t\t\t<div class=\"elementor-gallery-item__overlay\"><\/div>\n\t\t\t\t\t\t\t\t\t\t\t\t\t\t<\/a>\n\t\t\t\t\t\t\t<a class=\"e-gallery-item elementor-gallery-item elementor-animated-content\" data-e-gallery-tags=\"2\" href=\"https:\/\/lfaccra.com\/wp-content\/uploads\/2023\/05\/PHOTO-2023-03-23-11-59-20.jpg\" data-elementor-open-lightbox=\"yes\" data-elementor-lightbox-slideshow=\"2e295bd\" data-elementor-lightbox-title=\"PHOTO-2023-03-23-11-59-20\" data-e-action-hash=\"#elementor-action%3Aaction%3Dlightbox%26settings%3DeyJpZCI6ODU0MSwidXJsIjoiaHR0cHM6XC9cL2xmYWNjcmEuY29tXC93cC1jb250ZW50XC91cGxvYWRzXC8yMDIzXC8wNVwvUEhPVE8tMjAyMy0wMy0yMy0xMS01OS0yMC5qcGciLCJzbGlkZXNob3ciOiIyZTI5NWJkIn0%3D\">\n\t\t\t\t\t<div class=\"e-gallery-image elementor-gallery-item__image\" data-thumbnail=\"https:\/\/lfaccra.com\/wp-content\/uploads\/2023\/05\/PHOTO-2023-03-23-11-59-20-768x576.jpg\" data-width=\"768\" data-height=\"576\" aria-label=\"\" role=\"img\" ><\/div>\n\t\t\t\t\t\t\t\t\t\t\t<div class=\"elementor-gallery-item__overlay\"><\/div>\n\t\t\t\t\t\t\t\t\t\t\t\t\t\t<\/a>\n\t\t\t\t\t\t\t<a class=\"e-gallery-item elementor-gallery-item elementor-animated-content\" data-e-gallery-tags=\"3\" href=\"https:\/\/lfaccra.com\/wp-content\/uploads\/2023\/05\/d317e7af-cfb5-4ca6-8ad3-640adfcc2cf1.jpg\" data-elementor-open-lightbox=\"yes\" data-elementor-lightbox-slideshow=\"2e295bd\" data-elementor-lightbox-title=\"d317e7af-cfb5-4ca6-8ad3-640adfcc2cf1\" data-e-action-hash=\"#elementor-action%3Aaction%3Dlightbox%26settings%3DeyJpZCI6ODUyNywidXJsIjoiaHR0cHM6XC9cL2xmYWNjcmEuY29tXC93cC1jb250ZW50XC91cGxvYWRzXC8yMDIzXC8wNVwvZDMxN2U3YWYtY2ZiNS00Y2E2LThhZDMtNjQwYWRmY2MyY2YxLmpwZyIsInNsaWRlc2hvdyI6IjJlMjk1YmQifQ%3D%3D\">\n\t\t\t\t\t<div class=\"e-gallery-image elementor-gallery-item__image\" data-thumbnail=\"https:\/\/lfaccra.com\/wp-content\/uploads\/2023\/05\/d317e7af-cfb5-4ca6-8ad3-640adfcc2cf1-768x576.jpg\" data-width=\"768\" data-height=\"576\" aria-label=\"\" role=\"img\" ><\/div>\n\t\t\t\t\t\t\t\t\t\t\t<div class=\"elementor-gallery-item__overlay\"><\/div>\n\t\t\t\t\t\t\t\t\t\t\t\t\t\t<\/a>\n\t\t\t\t\t\t\t<a class=\"e-gallery-item elementor-gallery-item elementor-animated-content\" data-e-gallery-tags=\"3\" href=\"https:\/\/lfaccra.com\/wp-content\/uploads\/2023\/05\/06ecf115-0976-403b-80b6-7263bdb7874f.jpg\" data-elementor-open-lightbox=\"yes\" data-elementor-lightbox-slideshow=\"2e295bd\" data-elementor-lightbox-title=\"06ecf115-0976-403b-80b6-7263bdb7874f\" data-e-action-hash=\"#elementor-action%3Aaction%3Dlightbox%26settings%3DeyJpZCI6ODUyOCwidXJsIjoiaHR0cHM6XC9cL2xmYWNjcmEuY29tXC93cC1jb250ZW50XC91cGxvYWRzXC8yMDIzXC8wNVwvMDZlY2YxMTUtMDk3Ni00MDNiLTgwYjYtNzI2M2JkYjc4NzRmLmpwZyIsInNsaWRlc2hvdyI6IjJlMjk1YmQifQ%3D%3D\">\n\t\t\t\t\t<div class=\"e-gallery-image elementor-gallery-item__image\" data-thumbnail=\"https:\/\/lfaccra.com\/wp-content\/uploads\/2023\/05\/06ecf115-0976-403b-80b6-7263bdb7874f-768x988.jpg\" data-width=\"768\" data-height=\"988\" aria-label=\"\" role=\"img\" ><\/div>\n\t\t\t\t\t\t\t\t\t\t\t<div class=\"elementor-gallery-item__overlay\"><\/div>\n\t\t\t\t\t\t\t\t\t\t\t\t\t\t<\/a>\n\t\t\t\t\t\t\t<a class=\"e-gallery-item elementor-gallery-item elementor-animated-content\" data-e-gallery-tags=\"3\" href=\"https:\/\/lfaccra.com\/wp-content\/uploads\/2023\/05\/PHOTO-2023-03-08-12-03-25-1.jpg\" data-elementor-open-lightbox=\"yes\" data-elementor-lightbox-slideshow=\"2e295bd\" data-elementor-lightbox-title=\"PHOTO-2023-03-08-12-03-25 (1)\" data-e-action-hash=\"#elementor-action%3Aaction%3Dlightbox%26settings%3DeyJpZCI6ODUyNiwidXJsIjoiaHR0cHM6XC9cL2xmYWNjcmEuY29tXC93cC1jb250ZW50XC91cGxvYWRzXC8yMDIzXC8wNVwvUEhPVE8tMjAyMy0wMy0wOC0xMi0wMy0yNS0xLmpwZyIsInNsaWRlc2hvdyI6IjJlMjk1YmQifQ%3D%3D\">\n\t\t\t\t\t<div class=\"e-gallery-image elementor-gallery-item__image\" data-thumbnail=\"https:\/\/lfaccra.com\/wp-content\/uploads\/2023\/05\/PHOTO-2023-03-08-12-03-25-1-768x1024.jpg\" data-width=\"768\" data-height=\"1024\" aria-label=\"\" role=\"img\" ><\/div>\n\t\t\t\t\t\t\t\t\t\t\t<div class=\"elementor-gallery-item__overlay\"><\/div>\n\t\t\t\t\t\t\t\t\t\t\t\t\t\t<\/a>\n\t\t\t\t\t\t\t<a class=\"e-gallery-item elementor-gallery-item elementor-animated-content\" data-e-gallery-tags=\"3\" href=\"https:\/\/lfaccra.com\/wp-content\/uploads\/2023\/05\/PHOTO-2023-03-08-12-03-25.jpg\" data-elementor-open-lightbox=\"yes\" data-elementor-lightbox-slideshow=\"2e295bd\" data-elementor-lightbox-title=\"PHOTO-2023-03-08-12-03-25\" data-e-action-hash=\"#elementor-action%3Aaction%3Dlightbox%26settings%3DeyJpZCI6ODUyNSwidXJsIjoiaHR0cHM6XC9cL2xmYWNjcmEuY29tXC93cC1jb250ZW50XC91cGxvYWRzXC8yMDIzXC8wNVwvUEhPVE8tMjAyMy0wMy0wOC0xMi0wMy0yNS5qcGciLCJzbGlkZXNob3ciOiIyZTI5NWJkIn0%3D\">\n\t\t\t\t\t<div class=\"e-gallery-image elementor-gallery-item__image\" data-thumbnail=\"https:\/\/lfaccra.com\/wp-content\/uploads\/2023\/05\/PHOTO-2023-03-08-12-03-25-768x1024.jpg\" data-width=\"768\" data-height=\"1024\" aria-label=\"\" role=\"img\" ><\/div>\n\t\t\t\t\t\t\t\t\t\t\t<div class=\"elementor-gallery-item__overlay\"><\/div>\n\t\t\t\t\t\t\t\t\t\t\t\t\t\t<\/a>\n\t\t\t\t\t<\/div>\n\t\t\t\t\t<\/div>\n\t\t\t\t<\/div>\n\t\t\t\t\t<\/div>\n\t\t\t\t<\/div>\n\t\t\t\t<\/div>\n\t\t\t\t<\/div>","protected":false},"excerpt":{"rendered":"<p>The BCD is a central place in the primary school. LFA students come to the BCD every week according to their schedule to discover the riches of children&#8217;s literature. The topics covered during the sessions are chosen in relation to the program taught during the period. The BCD is a place for \u201cpleasure reading\u201d. During [&hellip;]<\/p>\n","protected":false},"author":1,"featured_media":0,"parent":0,"menu_order":0,"comment_status":"closed","ping_status":"closed","template":"","meta":{"_acf_changed":false,"footnotes":""},"class_list":["post-5266","page","type-page","status-publish","hentry"],"acf":[],"_links":{"self":[{"href":"https:\/\/lfaccra.com\/fr\/wp-json\/wp\/v2\/pages\/5266","targetHints":{"allow":["GET"]}}],"collection":[{"href":"https:\/\/lfaccra.com\/fr\/wp-json\/wp\/v2\/pages"}],"about":[{"href":"https:\/\/lfaccra.com\/fr\/wp-json\/wp\/v2\/types\/page"}],"author":[{"embeddable":true,"href":"https:\/\/lfaccra.com\/fr\/wp-json\/wp\/v2\/users\/1"}],"replies":[{"embeddable":true,"href":"https:\/\/lfaccra.com\/fr\/wp-json\/wp\/v2\/comments?post=5266"}],"version-history":[{"count":22,"href":"https:\/\/lfaccra.com\/fr\/wp-json\/wp\/v2\/pages\/5266\/revisions"}],"predecessor-version":[{"id":8544,"href":"https:\/\/lfaccra.com\/fr\/wp-json\/wp\/v2\/pages\/5266\/revisions\/8544"}],"wp:attachment":[{"href":"https:\/\/lfaccra.com\/fr\/wp-json\/wp\/v2\/media?parent=5266"}],"curies":[{"name":"wp","href":"https:\/\/api.w.org\/{rel}","templated":true}]}}