{"id":5270,"date":"2023-04-03T15:26:06","date_gmt":"2023-04-03T15:26:06","guid":{"rendered":"https:\/\/lfaccra.acewebgh.com\/?page_id=5270"},"modified":"2023-05-03T17:40:04","modified_gmt":"2023-05-03T17:40:04","slug":"structure-college","status":"publish","type":"page","link":"https:\/\/lfaccra.com\/fr\/structure-college\/","title":{"rendered":"Structure - Secondaire"},"content":{"rendered":"<div data-elementor-type=\"wp-page\" data-elementor-id=\"5270\" class=\"elementor elementor-5270\" data-elementor-post-type=\"page\">\n\t\t\t\t<div class=\"elementor-element elementor-element-2b5581e e-con-full e-flex e-con e-parent\" data-id=\"2b5581e\" data-element_type=\"container\" data-e-type=\"container\">\n\t\t<div class=\"elementor-element elementor-element-09f96ff e-con-full e-flex e-con e-parent\" data-id=\"09f96ff\" data-element_type=\"container\" data-e-type=\"container\" data-settings=\"{&quot;background_background&quot;:&quot;classic&quot;}\">\n\t\t\t\t<\/div>\n\t\t<div class=\"elementor-element elementor-element-d9e589f english-content e-flex e-con-boxed e-con e-parent\" data-id=\"d9e589f\" data-element_type=\"container\" data-e-type=\"container\">\n\t\t\t\t\t<div class=\"e-con-inner\">\n\t\t\t\t<div class=\"elementor-element elementor-element-e81fb96 elementor-widget elementor-widget-heading\" data-id=\"e81fb96\" data-element_type=\"widget\" data-e-type=\"widget\" data-widget_type=\"heading.default\">\n\t\t\t\t<div class=\"elementor-widget-container\">\n\t\t\t\t\t<h6 class=\"elementor-heading-title elementor-size-default\">Junior High School<\/h6>\t\t\t\t<\/div>\n\t\t\t\t<\/div>\n\t\t\t\t<div class=\"elementor-element elementor-element-30823ec elementor-widget elementor-widget-text-editor\" data-id=\"30823ec\" data-element_type=\"widget\" data-e-type=\"widget\" data-widget_type=\"text-editor.default\">\n\t\t\t\t<div class=\"elementor-widget-container\">\n\t\t\t\t\t\t\t\t\t<p>The junior high school marks the entry into the secondary school. It is from 6th to 9th grade. All junior high school students have 28 hours weekly compulsory education, to which optional subjects may be added. At LFA, students benefit from an additional hour of English lessons and starts as early as 6th grade with Spanish, the learning of a second foreign language. The different activities enable us to guide the student and enhance his\/her educational development through personalized support, multidisciplinary lessons and help with homework. In the 9th grade, the student prepares for the DNB exams (equivalent to the \u2018O\u2019 Level certificate exams) and participates in a compulsory internship program at a workplace.<br \/>In 2019, the LFA enrolled 150 students in two streams per grade.<\/p>\t\t\t\t\t\t\t\t<\/div>\n\t\t\t\t<\/div>\n\t\t<div class=\"elementor-element elementor-element-3793868 e-con-full e-flex e-con e-parent\" data-id=\"3793868\" data-element_type=\"container\" data-e-type=\"container\">\n\t\t\t\t<div class=\"elementor-element elementor-element-7502665 elementor-widget elementor-widget-image\" data-id=\"7502665\" data-element_type=\"widget\" data-e-type=\"widget\" data-widget_type=\"image.default\">\n\t\t\t\t<div class=\"elementor-widget-container\">\n\t\t\t\t\t\t\t\t\t\t\t\t\t\t\t<img fetchpriority=\"high\" decoding=\"async\" width=\"768\" height=\"354\" src=\"https:\/\/lfaccra.com\/wp-content\/uploads\/2023\/05\/junior_time_table-768x354-1.png\" class=\"attachment-large size-large wp-image-7624\" alt=\"\" srcset=\"https:\/\/lfaccra.com\/wp-content\/uploads\/2023\/05\/junior_time_table-768x354-1.png 768w, https:\/\/lfaccra.com\/wp-content\/uploads\/2023\/05\/junior_time_table-768x354-1-300x138.png 300w, https:\/\/lfaccra.com\/wp-content\/uploads\/2023\/05\/junior_time_table-768x354-1-18x8.png 18w\" sizes=\"(max-width: 768px) 100vw, 768px\" \/>\t\t\t\t\t\t\t\t\t\t\t\t\t\t\t<\/div>\n\t\t\t\t<\/div>\n\t\t\t\t<\/div>\n\t\t\t\t<div class=\"elementor-element elementor-element-4e137ff elementor-widget-divider--view-line elementor-widget elementor-widget-divider\" data-id=\"4e137ff\" data-element_type=\"widget\" data-e-type=\"widget\" data-widget_type=\"divider.default\">\n\t\t\t\t<div class=\"elementor-widget-container\">\n\t\t\t\t\t\t\t<div class=\"elementor-divider\">\n\t\t\t<span class=\"elementor-divider-separator\">\n\t\t\t\t\t\t<\/span>\n\t\t<\/div>\n\t\t\t\t\t\t<\/div>\n\t\t\t\t<\/div>\n\t\t\t\t<div class=\"elementor-element elementor-element-760d5e9 elementor-widget elementor-widget-heading\" data-id=\"760d5e9\" data-element_type=\"widget\" data-e-type=\"widget\" data-widget_type=\"heading.default\">\n\t\t\t\t<div class=\"elementor-widget-container\">\n\t\t\t\t\t<h6 class=\"elementor-heading-title elementor-size-default\">Senior High School<\/h6>\t\t\t\t<\/div>\n\t\t\t\t<\/div>\n\t\t\t\t<div class=\"elementor-element elementor-element-8318bb0 elementor-widget elementor-widget-text-editor\" data-id=\"8318bb0\" data-element_type=\"widget\" data-e-type=\"widget\" data-widget_type=\"text-editor.default\">\n\t\t\t\t<div class=\"elementor-widget-container\">\n\t\t\t\t\t\t\t\t\t<p>In cycle 2 (1st Grade, 2nd Grade and 3rd Grade), the cycle of fundamental learning, mastery of the French language and the basic elements of mathematics are the priorities. The Lessons are taught in French and in English.<\/p><p>Cycle 3 (4th Grade, 5th Grade and 6th Grade): enables students to consolidate what they have learnt throughout the elementary school years. They also discover the sciences, technology, history and geography as well as art history.<\/p><p>During these three years, the child develops his\/her taste in experimenting, intellectual reflection and imagination.<\/p><p>Our elementary school comprises 2 streams at each level and has 307 students enrolled in 2021.<\/p>\t\t\t\t\t\t\t\t<\/div>\n\t\t\t\t<\/div>\n\t\t<div class=\"elementor-element elementor-element-a5ac5ca e-con-full e-flex e-con e-parent\" data-id=\"a5ac5ca\" data-element_type=\"container\" data-e-type=\"container\">\n\t\t\t\t<div class=\"elementor-element elementor-element-23bbcb5 elementor-widget elementor-widget-image\" data-id=\"23bbcb5\" data-element_type=\"widget\" data-e-type=\"widget\" data-widget_type=\"image.default\">\n\t\t\t\t<div class=\"elementor-widget-container\">\n\t\t\t\t\t\t\t\t\t\t\t\t\t\t\t<img decoding=\"async\" width=\"800\" height=\"501\" src=\"https:\/\/lfaccra.com\/wp-content\/uploads\/2023\/05\/LFA_SENIOR_HIGH_SCHOOL-2-1024x641-1.png\" class=\"attachment-large size-large wp-image-7625\" alt=\"\" srcset=\"https:\/\/lfaccra.com\/wp-content\/uploads\/2023\/05\/LFA_SENIOR_HIGH_SCHOOL-2-1024x641-1.png 1024w, https:\/\/lfaccra.com\/wp-content\/uploads\/2023\/05\/LFA_SENIOR_HIGH_SCHOOL-2-1024x641-1-300x188.png 300w, https:\/\/lfaccra.com\/wp-content\/uploads\/2023\/05\/LFA_SENIOR_HIGH_SCHOOL-2-1024x641-1-768x481.png 768w, https:\/\/lfaccra.com\/wp-content\/uploads\/2023\/05\/LFA_SENIOR_HIGH_SCHOOL-2-1024x641-1-18x12.png 18w\" sizes=\"(max-width: 800px) 100vw, 800px\" \/>\t\t\t\t\t\t\t\t\t\t\t\t\t\t\t<\/div>\n\t\t\t\t<\/div>\n\t\t\t\t<div class=\"elementor-element elementor-element-1ac45e1 elementor-widget elementor-widget-image\" data-id=\"1ac45e1\" data-element_type=\"widget\" data-e-type=\"widget\" data-widget_type=\"image.default\">\n\t\t\t\t<div class=\"elementor-widget-container\">\n\t\t\t\t\t\t\t\t\t\t\t\t\t\t\t<img decoding=\"async\" width=\"800\" height=\"398\" src=\"https:\/\/lfaccra.com\/wp-content\/uploads\/2023\/05\/SPECIALIZED_SENIOR_HIGH-1024x509-1.png\" class=\"attachment-large size-large wp-image-7629\" alt=\"\" srcset=\"https:\/\/lfaccra.com\/wp-content\/uploads\/2023\/05\/SPECIALIZED_SENIOR_HIGH-1024x509-1.png 1024w, https:\/\/lfaccra.com\/wp-content\/uploads\/2023\/05\/SPECIALIZED_SENIOR_HIGH-1024x509-1-300x149.png 300w, https:\/\/lfaccra.com\/wp-content\/uploads\/2023\/05\/SPECIALIZED_SENIOR_HIGH-1024x509-1-768x382.png 768w, https:\/\/lfaccra.com\/wp-content\/uploads\/2023\/05\/SPECIALIZED_SENIOR_HIGH-1024x509-1-18x9.png 18w\" sizes=\"(max-width: 800px) 100vw, 800px\" \/>\t\t\t\t\t\t\t\t\t\t\t\t\t\t\t<\/div>\n\t\t\t\t<\/div>\n\t\t\t\t<\/div>\n\t\t\t\t\t<\/div>\n\t\t\t\t<\/div>\n\t\t<div class=\"elementor-element elementor-element-ae1b752 french-content e-flex e-con-boxed e-con e-parent\" data-id=\"ae1b752\" data-element_type=\"container\" data-e-type=\"container\">\n\t\t\t\t\t<div class=\"e-con-inner\">\n\t\t\t\t<div class=\"elementor-element elementor-element-50d5a99 elementor-widget elementor-widget-heading\" data-id=\"50d5a99\" data-element_type=\"widget\" data-e-type=\"widget\" data-widget_type=\"heading.default\">\n\t\t\t\t<div class=\"elementor-widget-container\">\n\t\t\t\t\t<h6 class=\"elementor-heading-title elementor-size-default\">Le\ncoll\u00e8ge<\/h6>\t\t\t\t<\/div>\n\t\t\t\t<\/div>\n\t\t\t\t<div class=\"elementor-element elementor-element-73bdd08 elementor-widget elementor-widget-heading\" data-id=\"73bdd08\" data-element_type=\"widget\" data-e-type=\"widget\" data-widget_type=\"heading.default\">\n\t\t\t\t<div class=\"elementor-widget-container\">\n\t\t\t\t\t<h6 class=\"elementor-heading-title elementor-size-default\">LE COLL\u00c8GE MARQUE L\u2019ENTR\u00c9E DANS L\u2019ENSEIGNEMENT SECONDAIRE.\nIL ACCUEILLE LES \u00c9L\u00c8VES DE LA 6\u00c8ME (DERNI\u00c8RE ANN\u00c9E DU CYCLE 3)\nET DES 3 ANN\u00c9ES DU CYCLE 4 (5\u00c8ME \/ 4\u00c8ME \/ 3\u00c8ME).<\/h6>\t\t\t\t<\/div>\n\t\t\t\t<\/div>\n\t\t\t\t<div class=\"elementor-element elementor-element-6899612 elementor-widget elementor-widget-text-editor\" data-id=\"6899612\" data-element_type=\"widget\" data-e-type=\"widget\" data-widget_type=\"text-editor.default\">\n\t\t\t\t<div class=\"elementor-widget-container\">\n\t\t\t\t\t\t\t\t\t<p>Tous les \u00e9l\u00e8ves du coll\u00e8ge ont 27 heures hebdomadaires d\u2019enseignements obligatoires, auxquels peuvent s\u2019ajouter<br \/>des enseignements facultatifs. Au LFIA, les \u00e9l\u00e8ves d\u00e9butent d\u00e8s la classe de 6\u00e8me avec l\u2019espagnol ou l\u2019arabe, l\u2019apprentissage d\u2019une seconde langue vivante \u00e9trang\u00e8re. Des dispositifs vari\u00e9s permettent d\u2019accompagner l\u2019\u00e9l\u00e8ve<br \/>et d\u2019enrichir ses parcours \u00e9ducatifs ; accompagnement personnalis\u00e9, aide aux devoirs et soutien en langues vivantes \u00e9trang\u00e8res. En 3\u00e8me, l\u2019\u00e9l\u00e8ve pr\u00e9pare l\u2019examen du Dipl\u00f4me National du Brevet (DNB).<\/p><p>En 2022, le LFIA accueille 171 \u00e9l\u00e8ves de coll\u00e8ge r\u00e9partis dans deux classes par niveaux et trois en quatri\u00e8me. Depuis la rentr\u00e9e de septembre 2022, les \u00e9l\u00e8ves des classes de coll\u00e8ge se voient offrir la possibilit\u00e9 d\u2019int\u00e9grer la Section Internationale Britannique avec deux heures d\u2019enseignement d\u2019Histoire G\u00e9ographie en anglais et quatre heures de Litt\u00e9rature anglaise.<\/p>\t\t\t\t\t\t\t\t<\/div>\n\t\t\t\t<\/div>\n\t\t<div class=\"elementor-element elementor-element-05940e7 e-con-full e-flex e-con e-parent\" data-id=\"05940e7\" data-element_type=\"container\" data-e-type=\"container\">\n\t\t\t\t<div class=\"elementor-element elementor-element-2b583c2 elementor-widget elementor-widget-image\" data-id=\"2b583c2\" data-element_type=\"widget\" data-e-type=\"widget\" data-widget_type=\"image.default\">\n\t\t\t\t<div class=\"elementor-widget-container\">\n\t\t\t\t\t\t\t\t\t\t\t\t\t\t\t<img loading=\"lazy\" decoding=\"async\" width=\"800\" height=\"412\" src=\"https:\/\/lfaccra.com\/wp-content\/uploads\/2023\/05\/image.png\" class=\"attachment-large size-large wp-image-7636\" alt=\"\" srcset=\"https:\/\/lfaccra.com\/wp-content\/uploads\/2023\/05\/image.png 856w, https:\/\/lfaccra.com\/wp-content\/uploads\/2023\/05\/image-300x155.png 300w, https:\/\/lfaccra.com\/wp-content\/uploads\/2023\/05\/image-768x396.png 768w, https:\/\/lfaccra.com\/wp-content\/uploads\/2023\/05\/image-18x9.png 18w\" sizes=\"(max-width: 800px) 100vw, 800px\" \/>\t\t\t\t\t\t\t\t\t\t\t\t\t\t\t<\/div>\n\t\t\t\t<\/div>\n\t\t\t\t<\/div>\n\t\t\t\t<div class=\"elementor-element elementor-element-c6600aa elementor-widget-divider--view-line elementor-widget elementor-widget-divider\" data-id=\"c6600aa\" data-element_type=\"widget\" data-e-type=\"widget\" data-widget_type=\"divider.default\">\n\t\t\t\t<div class=\"elementor-widget-container\">\n\t\t\t\t\t\t\t<div class=\"elementor-divider\">\n\t\t\t<span class=\"elementor-divider-separator\">\n\t\t\t\t\t\t<\/span>\n\t\t<\/div>\n\t\t\t\t\t\t<\/div>\n\t\t\t\t<\/div>\n\t\t\t\t<div class=\"elementor-element elementor-element-b982a67 elementor-widget elementor-widget-heading\" data-id=\"b982a67\" data-element_type=\"widget\" data-e-type=\"widget\" data-widget_type=\"heading.default\">\n\t\t\t\t<div class=\"elementor-widget-container\">\n\t\t\t\t\t<h6 class=\"elementor-heading-title elementor-size-default\">LES TROIS ANN\u00c9ES DU LYC\u00c9E\nVISENT \u00c0 PR\u00c9PARER CHAQUE \u00c9L\u00c8VE\n\u00c0 LA POURSUITE DE SES \u00c9TUDES\nDANS L\u2019ENSEIGNEMENT SUP\u00c9RIEUR.<\/h6>\t\t\t\t<\/div>\n\t\t\t\t<\/div>\n\t\t\t\t<div class=\"elementor-element elementor-element-8022829 elementor-widget elementor-widget-text-editor\" data-id=\"8022829\" data-element_type=\"widget\" data-e-type=\"widget\" data-widget_type=\"text-editor.default\">\n\t\t\t\t<div class=\"elementor-widget-container\">\n\t\t\t\t\t\t\t\t\t<p>Depuis la rentr\u00e9e 2019, la classe de seconde est une classe de d\u00e9termination qui propose des enseignements communs \u00e0 tous les \u00e9l\u00e8ves et pr\u00e9pare au choix des enseignements de sp\u00e9cialit\u00e9 du cycle terminal.<br \/>Le cycle terminal (classes de 1\u00e8re et Terminale) de la voie g\u00e9n\u00e9rale offre \u00e0 tous les \u00e9l\u00e8ves des enseignements communs (20h) et 3 enseignements de sp\u00e9cialit\u00e9 en premi\u00e8re puis deux en terminale (12h) ainsi que des enseignements optionnels.<\/p>\t\t\t\t\t\t\t\t<\/div>\n\t\t\t\t<\/div>\n\t\t\t\t<div class=\"elementor-element elementor-element-ab90e38 elementor-widget elementor-widget-heading\" data-id=\"ab90e38\" data-element_type=\"widget\" data-e-type=\"widget\" data-widget_type=\"heading.default\">\n\t\t\t\t<div class=\"elementor-widget-container\">\n\t\t\t\t\t<h3 class=\"elementor-heading-title elementor-size-default\">Durant ces trois ann\u00e9es, les \u00e9l\u00e8ves b\u00e9n\u00e9ficient d\u2019un accompagnement personnalis\u00e9 inscrit \u00e0 leur emploi du temps afin de r\u00e9pondre aux besoins sp\u00e9cifiques de chacun :<\/h3>\t\t\t\t<\/div>\n\t\t\t\t<\/div>\n\t\t\t\t<div class=\"elementor-element elementor-element-dc7dfda elementor-widget elementor-widget-text-editor\" data-id=\"dc7dfda\" data-element_type=\"widget\" data-e-type=\"widget\" data-widget_type=\"text-editor.default\">\n\t\t\t\t<div class=\"elementor-widget-container\">\n\t\t\t\t\t\t\t\t\t<ul><li>soutien,<\/li><li>approfondissement<\/li><li>et d\u2019une aide \u00e0 l\u2019orientation.<\/li><\/ul><p><br \/>Les ann\u00e9es lyc\u00e9e se cl\u00f4turent par la passation de l\u2019examen du Baccalaur\u00e9at dont 40% de l\u2019\u00e9valuation est calcul\u00e9e sur contr\u00f4le continu. Des \u00e9preuves anticip\u00e9es interviennent d\u00e8s la fin de Premi\u00e8re. En classe de Terminale, les \u00e9l\u00e8ves passent leurs \u00e9preuves de sp\u00e9cialit\u00e9 et en fin d\u2019ann\u00e9e scolaire des \u00e9preuves ponctuelles telles que le Grand Oral et la philosophie. Le LFIA se f\u00e9licite de taux de r\u00e9ussite chaque ann\u00e9e remarquables au Baccalaur\u00e9at. L\u2019accompagnement de l\u2019\u00e9l\u00e8ve dans la construction de son projet personnel de poursuite d\u2019\u00e9tudes est notre priorit\u00e9.<\/p><p>\u00c0 la rentr\u00e9e de septembre 2023, les \u00e9l\u00e8ves des classes de seconde se verront offrir la possibilit\u00e9 d\u2019int\u00e9grer la Section Internationale Britannique avec deux heures d\u2019enseignement d\u2019Histoire G\u00e9ographie en anglais et quatre heures de Litt\u00e9rature anglaise. Les \u00e9l\u00e8ves de 1\u00e8re pourront pr\u00e9parer le BFI (Bac Fran\u00e7ais International) reconnu par les syst\u00e8mes d\u2019enseignement sup\u00e9rieur de nombreux pays.<\/p>\t\t\t\t\t\t\t\t<\/div>\n\t\t\t\t<\/div>\n\t\t<div class=\"elementor-element elementor-element-3975755 e-con-full e-flex e-con e-parent\" data-id=\"3975755\" data-element_type=\"container\" data-e-type=\"container\">\n\t\t\t\t<div class=\"elementor-element elementor-element-0dffd61 elementor-widget elementor-widget-image\" data-id=\"0dffd61\" data-element_type=\"widget\" data-e-type=\"widget\" data-widget_type=\"image.default\">\n\t\t\t\t<div class=\"elementor-widget-container\">\n\t\t\t\t\t\t\t\t\t\t\t\t\t\t\t<img loading=\"lazy\" decoding=\"async\" width=\"653\" height=\"570\" src=\"https:\/\/lfaccra.com\/wp-content\/uploads\/2023\/05\/image-1.png\" class=\"attachment-large size-large wp-image-7640\" alt=\"\" srcset=\"https:\/\/lfaccra.com\/wp-content\/uploads\/2023\/05\/image-1.png 653w, https:\/\/lfaccra.com\/wp-content\/uploads\/2023\/05\/image-1-300x262.png 300w, https:\/\/lfaccra.com\/wp-content\/uploads\/2023\/05\/image-1-14x12.png 14w\" sizes=\"(max-width: 653px) 100vw, 653px\" \/>\t\t\t\t\t\t\t\t\t\t\t\t\t\t\t<\/div>\n\t\t\t\t<\/div>\n\t\t\t\t<\/div>\n\t\t\t\t\t<\/div>\n\t\t\t\t<\/div>\n\t\t\t\t<\/div>\n\t\t\t\t<\/div>","protected":false},"excerpt":{"rendered":"<p>Junior High School The junior high school marks the entry into the secondary school. It is from 6th to 9th grade. All junior high school students have 28 hours weekly compulsory education, to which optional subjects may be added. At LFA, students benefit from an additional hour of English lessons and starts as early as [&hellip;]<\/p>\n","protected":false},"author":1,"featured_media":0,"parent":0,"menu_order":0,"comment_status":"closed","ping_status":"closed","template":"","meta":{"_acf_changed":false,"footnotes":""},"class_list":["post-5270","page","type-page","status-publish","hentry"],"acf":[],"_links":{"self":[{"href":"https:\/\/lfaccra.com\/fr\/wp-json\/wp\/v2\/pages\/5270","targetHints":{"allow":["GET"]}}],"collection":[{"href":"https:\/\/lfaccra.com\/fr\/wp-json\/wp\/v2\/pages"}],"about":[{"href":"https:\/\/lfaccra.com\/fr\/wp-json\/wp\/v2\/types\/page"}],"author":[{"embeddable":true,"href":"https:\/\/lfaccra.com\/fr\/wp-json\/wp\/v2\/users\/1"}],"replies":[{"embeddable":true,"href":"https:\/\/lfaccra.com\/fr\/wp-json\/wp\/v2\/comments?post=5270"}],"version-history":[{"count":27,"href":"https:\/\/lfaccra.com\/fr\/wp-json\/wp\/v2\/pages\/5270\/revisions"}],"predecessor-version":[{"id":7815,"href":"https:\/\/lfaccra.com\/fr\/wp-json\/wp\/v2\/pages\/5270\/revisions\/7815"}],"wp:attachment":[{"href":"https:\/\/lfaccra.com\/fr\/wp-json\/wp\/v2\/media?parent=5270"}],"curies":[{"name":"wp","href":"https:\/\/api.w.org\/{rel}","templated":true}]}}