{"id":5277,"date":"2023-04-03T15:29:56","date_gmt":"2023-04-03T15:29:56","guid":{"rendered":"https:\/\/lfaccra.acewebgh.com\/?page_id=5277"},"modified":"2025-10-02T09:02:23","modified_gmt":"2025-10-02T09:02:23","slug":"the-cdi","status":"publish","type":"page","link":"https:\/\/lfaccra.com\/fr\/the-cdi\/","title":{"rendered":"Le CCC"},"content":{"rendered":"<div data-elementor-type=\"wp-page\" data-elementor-id=\"5277\" class=\"elementor elementor-5277\" data-elementor-post-type=\"page\">\n\t\t\t\t<div class=\"elementor-element elementor-element-608c386 e-con-full e-flex e-con e-parent\" data-id=\"608c386\" data-element_type=\"container\" data-e-type=\"container\">\n\t\t<div class=\"elementor-element elementor-element-0679675 e-flex e-con-boxed e-con e-child\" data-id=\"0679675\" data-element_type=\"container\" data-e-type=\"container\">\n\t\t\t\t\t<div class=\"e-con-inner\">\n\t\t<div class=\"elementor-element elementor-element-fcfca8f e-con-full e-flex e-con e-child\" data-id=\"fcfca8f\" data-element_type=\"container\" data-e-type=\"container\" data-settings=\"{&quot;background_background&quot;:&quot;classic&quot;}\">\n\t\t\t\t<\/div>\n\t\t\t\t<div class=\"elementor-element elementor-element-913486e elementor-widget elementor-widget-heading\" data-id=\"913486e\" data-element_type=\"widget\" data-e-type=\"widget\" data-widget_type=\"heading.default\">\n\t\t\t\t<div class=\"elementor-widget-container\">\n\t\t\t\t\t<h3 class=\"elementor-heading-title elementor-size-default\">Le Centre de Connaissances et de Cultures (CCC) du Lyc\u00e9e : Un lieu d'apprentissage et de d\u00e9couvertes<\/h3>\t\t\t\t<\/div>\n\t\t\t\t<\/div>\n\t\t\t\t<div class=\"elementor-element elementor-element-905c39e elementor-widget elementor-widget-heading\" data-id=\"905c39e\" data-element_type=\"widget\" data-e-type=\"widget\" data-widget_type=\"heading.default\">\n\t\t\t\t<div class=\"elementor-widget-container\">\n\t\t\t\t\t<h3 class=\"elementor-heading-title elementor-size-default\">A place for learning and discovery<\/h3>\t\t\t\t<\/div>\n\t\t\t\t<\/div>\n\t\t\t\t<div class=\"elementor-element elementor-element-cb081e1 elementor-widget elementor-widget-heading\" data-id=\"cb081e1\" data-element_type=\"widget\" data-e-type=\"widget\" data-widget_type=\"heading.default\">\n\t\t\t\t<div class=\"elementor-widget-container\">\n\t\t\t\t\t<h6 class=\"elementor-heading-title elementor-size-default\">.<\/h6>\t\t\t\t<\/div>\n\t\t\t\t<\/div>\n\t\t\t\t<div class=\"elementor-element elementor-element-bf3407f elementor-widget elementor-widget-text-editor\" data-id=\"bf3407f\" data-element_type=\"widget\" data-e-type=\"widget\" data-widget_type=\"text-editor.default\">\n\t\t\t\t<div class=\"elementor-widget-container\">\n\t\t\t\t\t\t\t\t\t<p><span style=\"font-weight: 400;\">Le Centre de Documentation et d'Information (CCC) du Lyc\u00e9e Fran\u00e7ais International Jacques Pr\u00e9vert d\u2019Accra est bien plus qu'une simple biblioth\u00e8que. C'est, avant tout, un lieu d\u00e9di\u00e9 \u00e0 la lecture, \u00e0 la recherche et \u00e0 la d\u00e9couverte, accessible non seulement aux \u00e9l\u00e8ves du coll\u00e8ge et du lyc\u00e9e, mais aussi \u00e0 l'ensemble de la communaut\u00e9 du LFIA.<\/span><\/p><p><span style=\"font-weight: 400;\">Le CCC constitue un outil p\u00e9dagogique essentiel au sein de l\u2019\u00e9tablissement. Il est utilis\u00e9 par les classes pour des recherches, des \u00e9tudes, et des projets p\u00e9dagogiques, notamment des s\u00e9ances d\u2019\u00c9ducation aux M\u00e9dias et \u00e0 l\u2019Information (EMI). Les travaux des \u00e9l\u00e8ves issus de diverses disciplines y sont r\u00e9guli\u00e8rement expos\u00e9s. En outre, le CCC h\u00e9berge les clubs jeux de soci\u00e9t\u00e9, Arts D\u00e9coratifs, Mangas ainsi que Cin\u00e9ma et accueille les \u00e9l\u00e8ves qui en font la demande sur les temps de permanence. Il est \u00e9galement ouvert pendant les temps de pauses.<\/span><\/p><p><span style=\"font-weight: 400;\">La professeure documentaliste, Val\u00e9rie Dispagne, accompagne les \u00e9l\u00e8ves dans leurs recherches, le pr\u00eat de documents et l\u2019utilisation des outils num\u00e9riques.<\/span><\/p><p><span style=\"font-weight: 400;\">Situ\u00e9 dans un espace lumineux et accueillant, le CCC offre un cadre id\u00e9al pour l'acquisition des connaissances et des comp\u00e9tences. Il dispose d\u2019une salle multim\u00e9dia, d\u2019un coin lecture ainsi que d\u2019espaces adapt\u00e9s aux travaux individuels ou en groupe, favorisant ainsi l\u2019autonomie et la collaboration des \u00e9l\u00e8ves.<\/span><\/p><p><span style=\"font-weight: 400;\">Pour consulter les actualit\u00e9s du CCC <a href=\"https:\/\/padlet.com\/cdi404\/padlet-du-ccc-jqnxkpj6rv6x3i4u\">cliquer ici<\/a><\/span><\/p><p>Pour consulter la charte du CCC <a href=\"https:\/\/lfaccra.com\/wp-content\/uploads\/2024\/12\/Charte-du-CCC-LFIA-2025-Website.pdf\">cliquer ici<\/a><\/p><p>Pour acc\u00e9der au portail documentaire <a href=\"https:\/\/3290001n.esidoc.fr\/\">cliquer ici<\/a><\/p>\t\t\t\t\t\t\t\t<\/div>\n\t\t\t\t<\/div>\n\t\t<div class=\"elementor-element elementor-element-328703c e-con-full e-flex e-con e-child\" data-id=\"328703c\" data-element_type=\"container\" data-e-type=\"container\" data-settings=\"{&quot;background_background&quot;:&quot;classic&quot;}\">\n\t\t\t\t<\/div>\n\t\t\t\t<div class=\"elementor-element elementor-element-d0e465c elementor-widget elementor-widget-heading\" data-id=\"d0e465c\" data-element_type=\"widget\" data-e-type=\"widget\" data-widget_type=\"heading.default\">\n\t\t\t\t<div class=\"elementor-widget-container\">\n\t\t\t\t\t<h6 class=\"elementor-heading-title elementor-size-default\">R\u00c8GLEMENT INT\u00c9RIEUR DU CCC :<\/h6>\t\t\t\t<\/div>\n\t\t\t\t<\/div>\n\t\t\t\t<div class=\"elementor-element elementor-element-3dc7e25 elementor-widget elementor-widget-text-editor\" data-id=\"3dc7e25\" data-element_type=\"widget\" data-e-type=\"widget\" data-widget_type=\"text-editor.default\">\n\t\t\t\t<div class=\"elementor-widget-container\">\n\t\t\t\t\t\t\t\t\t<ul><li>D\u00e9poser son cartable \u00e0 l\u2019entr\u00e9e du CCC, et ne prendre avec soi que les livres, cahiers et le mat\u00e9riel n\u00e9cessaires.<\/li><li><span style=\"font-weight: 400;\">Pendant une heure de permanence, seuls les \u00e9l\u00e8ves autoris\u00e9s par les surveillants seront accept\u00e9s au CCC ;<\/span><\/li><li><span style=\"font-weight: 400;\">Une fois install\u00e9, l\u2019\u00e9l\u00e8ve demande la permission de sortir pour aller aux toilettes ou r\u00e9cup\u00e9rer des affaires dans son casier ou son cartable, par exemple.<\/span><\/li><li><span style=\"font-weight: 400;\">Travailler dans le calme et donc respecter le silence; merci de chuchoter.<\/span><\/li><li><span style=\"font-weight: 400;\">Limiter les d\u00e9placements aux n\u00e9cessit\u00e9s du travail de recherche documentaire.<\/span><\/li><li><span style=\"font-weight: 400;\">Remettre les ouvrages consult\u00e9s \u00e0 leur place exacte (si besoin demander de l\u2019aide).<\/span>\u00a0 \u00a0<\/li><li>Ranger les chaises en sortant.<\/li><\/ul>\t\t\t\t\t\t\t\t<\/div>\n\t\t\t\t<\/div>\n\t\t\t\t\t<\/div>\n\t\t\t\t<\/div>\n\t\t\t\t<\/div>\n\t\t\t\t<\/div>","protected":false},"excerpt":{"rendered":"<p>WHAT IS THE CCC (Centre de Connaissances et de Culture) ? A place for learning and discovery HOURS: The Documentation and Information Center (CCC) at the Lyc\u00e9e Fran\u00e7ais International Jacques Pr\u00e9vert in Accra is much more than just a library. Above all, it is a place dedicated to reading, research, and discovery, accessible not only [&hellip;]<\/p>\n","protected":false},"author":1,"featured_media":0,"parent":0,"menu_order":0,"comment_status":"closed","ping_status":"closed","template":"","meta":{"_acf_changed":false,"footnotes":""},"class_list":["post-5277","page","type-page","status-publish","hentry"],"acf":[],"_links":{"self":[{"href":"https:\/\/lfaccra.com\/fr\/wp-json\/wp\/v2\/pages\/5277","targetHints":{"allow":["GET"]}}],"collection":[{"href":"https:\/\/lfaccra.com\/fr\/wp-json\/wp\/v2\/pages"}],"about":[{"href":"https:\/\/lfaccra.com\/fr\/wp-json\/wp\/v2\/types\/page"}],"author":[{"embeddable":true,"href":"https:\/\/lfaccra.com\/fr\/wp-json\/wp\/v2\/users\/1"}],"replies":[{"embeddable":true,"href":"https:\/\/lfaccra.com\/fr\/wp-json\/wp\/v2\/comments?post=5277"}],"version-history":[{"count":29,"href":"https:\/\/lfaccra.com\/fr\/wp-json\/wp\/v2\/pages\/5277\/revisions"}],"predecessor-version":[{"id":12735,"href":"https:\/\/lfaccra.com\/fr\/wp-json\/wp\/v2\/pages\/5277\/revisions\/12735"}],"wp:attachment":[{"href":"https:\/\/lfaccra.com\/fr\/wp-json\/wp\/v2\/media?parent=5277"}],"curies":[{"name":"wp","href":"https:\/\/api.w.org\/{rel}","templated":true}]}}