{"id":7158,"date":"2023-05-01T15:51:40","date_gmt":"2023-05-01T15:51:40","guid":{"rendered":"https:\/\/lfaccra.acewebgh.com\/?page_id=7158"},"modified":"2025-09-03T16:43:02","modified_gmt":"2025-09-03T16:43:02","slug":"bourse-scolaire","status":"publish","type":"page","link":"https:\/\/lfaccra.com\/fr\/bourse-scolaire\/","title":{"rendered":"Bourse Scolaire"},"content":{"rendered":"<div data-elementor-type=\"wp-page\" data-elementor-id=\"7158\" class=\"elementor elementor-7158\" data-elementor-post-type=\"page\">\n\t\t\t\t<div class=\"elementor-element elementor-element-44fe4aa e-con-full e-flex e-con e-parent\" data-id=\"44fe4aa\" data-element_type=\"container\" data-e-type=\"container\">\n\t\t<div class=\"elementor-element elementor-element-133dd0a e-flex e-con-boxed e-con e-child\" data-id=\"133dd0a\" data-element_type=\"container\" data-e-type=\"container\">\n\t\t\t\t\t<div class=\"e-con-inner\">\n\t\t\t\t<div class=\"elementor-element elementor-element-e1098f6 elementor-widget__width-initial e-transform elementor-view-default elementor-widget elementor-widget-icon\" data-id=\"e1098f6\" data-element_type=\"widget\" data-e-type=\"widget\" data-settings=\"{&quot;_transform_rotateZ_effect&quot;:{&quot;unit&quot;:&quot;px&quot;,&quot;size&quot;:-20,&quot;sizes&quot;:[]},&quot;_transform_rotateZ_effect_laptop&quot;:{&quot;unit&quot;:&quot;deg&quot;,&quot;size&quot;:&quot;&quot;,&quot;sizes&quot;:[]},&quot;_transform_rotateZ_effect_tablet_extra&quot;:{&quot;unit&quot;:&quot;deg&quot;,&quot;size&quot;:&quot;&quot;,&quot;sizes&quot;:[]},&quot;_transform_rotateZ_effect_tablet&quot;:{&quot;unit&quot;:&quot;deg&quot;,&quot;size&quot;:&quot;&quot;,&quot;sizes&quot;:[]},&quot;_transform_rotateZ_effect_mobile&quot;:{&quot;unit&quot;:&quot;deg&quot;,&quot;size&quot;:&quot;&quot;,&quot;sizes&quot;:[]}}\" data-widget_type=\"icon.default\">\n\t\t\t\t<div class=\"elementor-widget-container\">\n\t\t\t\t\t\t\t<div class=\"elementor-icon-wrapper\">\n\t\t\t<div class=\"elementor-icon\">\n\t\t\t<svg xmlns=\"http:\/\/www.w3.org\/2000\/svg\" height=\"48\" viewbox=\"0 96 960 960\" width=\"48\"><path d=\"M730 606v-60h150v60H730Zm50 290-121-90 36-48 121 90-36 48Zm-82-503-36-48 118-89 36 48-118 89ZM210 856V696h-70q-24.75 0-42.375-17.625T80 636V516q0-24.75 17.625-42.375T140 456h180l200-120v480L320 696h-50v160h-60Zm90-280Zm260 134V442q27 24 43.5 58.5T620 576q0 41-16.5 75.5T560 710ZM140 516v120h196l124 74V442l-124 74H140Z\"><\/path><\/svg>\t\t\t<\/div>\n\t\t<\/div>\n\t\t\t\t\t\t<\/div>\n\t\t\t\t<\/div>\n\t\t\t\t<div class=\"elementor-element elementor-element-366ef78 elementor-widget__width-initial elementor-widget elementor-widget-heading\" data-id=\"366ef78\" data-element_type=\"widget\" data-e-type=\"widget\" data-widget_type=\"heading.default\">\n\t\t\t\t<div class=\"elementor-widget-container\">\n\t\t\t\t\t<h3 class=\"elementor-heading-title elementor-size-default\">Annonce 2025-2026 de la part de l\u2019Ambassade de France au Ghana.<\/h3>\t\t\t\t<\/div>\n\t\t\t\t<\/div>\n\t\t\t\t<div class=\"elementor-element elementor-element-74b51b9 elementor-widget elementor-widget-text-editor\" data-id=\"74b51b9\" data-element_type=\"widget\" data-e-type=\"widget\" data-widget_type=\"text-editor.default\">\n\t\t\t\t<div class=\"elementor-widget-container\">\n\t\t\t\t\t\t\t\t\t<p>Aux parents fran\u00e7ais des \u00e9l\u00e8ves du Lyc\u00e9e Fran\u00e7ais International d\u2019Accra.<\/p><p><span style=\"color: var( --e-global-color-secondary ); text-align: var(--text-align);\">La 2\u00e8me p\u00e9riode de la campagne de bourses scolaires pour 2025\/2026 est ouverte. Date limite de d\u00e9p\u00f4t des dossiers : jeudi 25 septembre 2025.\u00a0<\/span><strong style=\"color: var( --e-global-color-secondary ); text-align: var(--text-align);\">until September 25, 2025<\/strong><span style=\"color: var( --e-global-color-secondary ); text-align: var(--text-align);\">\u00a0.<\/span><\/p><p>Les dossiers complets doivent \u00eatre d\u00e9pos\u00e9s \u00e0 la section consulaire de l\u2019Ambassade de France.<\/p><p><u>Vous trouverez les documents actualis\u00e9s \u00e0 utiliser pour toute demande ci-dessous ou vous pouvez consulter le lien: <a href=\"https:\/\/gh.ambafrance.org\/Deuxieme-campagne-Bourses-scolaires-2025-2026\" target=\"_blank\" rel=\"noopener\">Bourses scolaires 2025-2026<\/a><\/u><\/p>\t\t\t\t\t\t\t\t<\/div>\n\t\t\t\t<\/div>\n\t\t\t\t<div class=\"elementor-element elementor-element-4fbf109 elementor-widget elementor-widget-text-editor\" data-id=\"4fbf109\" data-element_type=\"widget\" data-e-type=\"widget\" data-widget_type=\"text-editor.default\">\n\t\t\t\t<div class=\"elementor-widget-container\">\n\t\t\t\t\t\t\t\t\t<p class=\"translation-block\"><strong>La <a href=\"https:\/\/gh.ambafrance.org\/Bourses-scolaires-4667\" target=\"_blank\"><span>section consulaire<\/span><\/a> reste \u00e0 votre disposition pour tout compl\u00e9ment d\u2019information.<\/strong><\/p><p><strong>Contact &amp; Informations\u00a0<\/strong><\/p><p class=\"translation-block\">La section consulaire de <a class=\"spip_in\" href=\"https:\/\/gh.ambafrance.org\/Coordonnees-de-l-Ambassade\" target=\"_blank\">l\u2019Ambassade de France \u00e0 Accra<\/a> est ouverte du Lundi au Vendredi, de 8h \u00e0 12h30, et re\u00e7oit uniquement sur rendez-vous.<\/p><p class=\"translation-block\">Pour prendre rendez-vous, vous pouvez t\u00e9l\u00e9phoner au <strong>0302 21 45 50<\/strong> ou adresser un courriel \u00e0 <a class=\"spip_mail\" href=\"mailto:consulat.accra-amba@diplomatie.gouv.fr\" target=\"_blank\">consulat.accra-amba@diplomatie.gouv.fr.<\/a><\/p><p><strong>Les dossiers envoy\u00e9s par courriel ne seront pas recevables.<\/strong><\/p>\t\t\t\t\t\t\t\t<\/div>\n\t\t\t\t<\/div>\n\t\t\t\t\t<\/div>\n\t\t\t\t<\/div>\n\t\t\t\t<\/div>\n\t\t\t\t<\/div>","protected":false},"excerpt":{"rendered":"<p>2025-2026 Announcement from the French Embassy in Ghana. To the French parents of the students of the Lyc\u00e9e Fran\u00e7ais International d&#8217;Accra. The second campaign for submitting scholarship applications for the 2025\/2026 school year is open\u00a0until September 25, 2025\u00a0. Files must be submitted complete to the consular section of the French Embassy. You will find the [&hellip;]<\/p>\n","protected":false},"author":1,"featured_media":0,"parent":0,"menu_order":0,"comment_status":"closed","ping_status":"closed","template":"","meta":{"_acf_changed":false,"footnotes":""},"class_list":["post-7158","page","type-page","status-publish","hentry"],"acf":[],"_links":{"self":[{"href":"https:\/\/lfaccra.com\/fr\/wp-json\/wp\/v2\/pages\/7158","targetHints":{"allow":["GET"]}}],"collection":[{"href":"https:\/\/lfaccra.com\/fr\/wp-json\/wp\/v2\/pages"}],"about":[{"href":"https:\/\/lfaccra.com\/fr\/wp-json\/wp\/v2\/types\/page"}],"author":[{"embeddable":true,"href":"https:\/\/lfaccra.com\/fr\/wp-json\/wp\/v2\/users\/1"}],"replies":[{"embeddable":true,"href":"https:\/\/lfaccra.com\/fr\/wp-json\/wp\/v2\/comments?post=7158"}],"version-history":[{"count":38,"href":"https:\/\/lfaccra.com\/fr\/wp-json\/wp\/v2\/pages\/7158\/revisions"}],"predecessor-version":[{"id":12648,"href":"https:\/\/lfaccra.com\/fr\/wp-json\/wp\/v2\/pages\/7158\/revisions\/12648"}],"wp:attachment":[{"href":"https:\/\/lfaccra.com\/fr\/wp-json\/wp\/v2\/media?parent=7158"}],"curies":[{"name":"wp","href":"https:\/\/api.w.org\/{rel}","templated":true}]}}